{"id":11,"date":"2016-03-29T21:44:52","date_gmt":"2016-03-29T21:44:52","guid":{"rendered":"http:\/\/www.it.com.ve\/sluzby\/?page_id=11"},"modified":"2024-06-22T19:51:19","modified_gmt":"2024-06-22T19:51:19","slug":"a-quien-va-dirigido","status":"publish","type":"page","link":"https:\/\/hrtosers.site\/it\/","title":{"rendered":"Inicio"},"content":{"rendered":"<figure id=\"attachment_383\" aria-describedby=\"caption-attachment-383\" style=\"width: 300px\" class=\"wp-caption alignright\"><img loading=\"lazy\" decoding=\"async\" class=\"wp-image-383 size-medium\" src=\"http:\/\/vcp.kgy.mybluehost.me\/ingenium\/wp-content\/uploads\/2016\/03\/valencia-300x215.jpg\" alt=\"\" width=\"300\" height=\"215\" srcset=\"https:\/\/hrtosers.site\/it\/wp-content\/uploads\/2016\/03\/valencia-300x215.jpg 300w, https:\/\/hrtosers.site\/it\/wp-content\/uploads\/2016\/03\/valencia.jpg 600w\" sizes=\"auto, (max-width: 300px) 100vw, 300px\" \/><figcaption id=\"caption-attachment-383\" class=\"wp-caption-text\">Museo de Ciencia en Valencia <br \/>Foto: Tom\u00e1s Osers<\/figcaption><\/figure>\n<p style=\"text-align: justify;\">H&amp;R&amp;T OSERS, Ingenieros, le ofrece la gesti\u00f3n administrativa que su negocio necesita para lograr la conservaci\u00f3n y re-valoraci\u00f3n de sus activos bajo los mejores est\u00e1ndares de calidad internacional.<\/p>\n<p style=\"text-align: justify;\">Prestamos nuestros servicios a todo tipo de Empresas y Organizaciones de diversos sectores industriales, comerciales, salud, de servicio o recreativos, que operen o posean instalaciones tales como: edificios, almacenes, oficinas, espacios y servicios asociados; activos tales como equipos en general, hardware, software, etc. y servicios de apoyo tales como las comunicaciones necesarias para la realizaci\u00f3n de los trabajos requeridos para atender a sus clientes y las condiciones en las que se realizan dichos trabajos<\/p>\n<p style=\"text-align: justify;\"><strong>Porque planificar un Mantenimiento de Calidad ISO 9001<\/strong><br \/>\nLa calidad capta clientes y usuarios y los mantiene satisfechos, a largo plazo, los conserva, generando un v\u00ednculo de fidelidad con una marca o institucion. Se genera un alto flujo de beneficios, garantizando prosperidad en el futuro<\/p>\n<p><span class=\"J-J5-Ji\" style=\"position: relative; display: inline-block; color: #222222; font-family: arial, sans-serif; font-size: 17.6px; font-style: normal; font-variant: normal; font-weight: normal; line-height: normal;\">\u00a0<\/span><\/p>\n","protected":false},"excerpt":{"rendered":"<p>H&amp;R&amp;T OSERS, Ingenieros, le ofrece la gesti\u00f3n administrativa que su negocio necesita para lograr la conservaci\u00f3n y re-valoraci\u00f3n de sus activos bajo los mejores est\u00e1ndares de calidad internacional. Prestamos nuestros servicios a todo tipo de Empresas y Organizaciones de diversos sectores industriales, comerciales, salud, de servicio o recreativos, que operen o posean instalaciones tales como: <a href=\"https:\/\/hrtosers.site\/it\/\" class=\"more-link\">&#8230;Continue reading<\/a><\/p>\n","protected":false},"author":1,"featured_media":0,"parent":0,"menu_order":0,"comment_status":"closed","ping_status":"closed","template":"","meta":{"footnotes":""},"class_list":["post-11","page","type-page","status-publish","hentry"],"_links":{"self":[{"href":"https:\/\/hrtosers.site\/it\/wp-json\/wp\/v2\/pages\/11","targetHints":{"allow":["GET"]}}],"collection":[{"href":"https:\/\/hrtosers.site\/it\/wp-json\/wp\/v2\/pages"}],"about":[{"href":"https:\/\/hrtosers.site\/it\/wp-json\/wp\/v2\/types\/page"}],"author":[{"embeddable":true,"href":"https:\/\/hrtosers.site\/it\/wp-json\/wp\/v2\/users\/1"}],"replies":[{"embeddable":true,"href":"https:\/\/hrtosers.site\/it\/wp-json\/wp\/v2\/comments?post=11"}],"version-history":[{"count":1,"href":"https:\/\/hrtosers.site\/it\/wp-json\/wp\/v2\/pages\/11\/revisions"}],"predecessor-version":[{"id":957,"href":"https:\/\/hrtosers.site\/it\/wp-json\/wp\/v2\/pages\/11\/revisions\/957"}],"wp:attachment":[{"href":"https:\/\/hrtosers.site\/it\/wp-json\/wp\/v2\/media?parent=11"}],"curies":[{"name":"wp","href":"https:\/\/api.w.org\/{rel}","templated":true}]}}