{"id":110,"date":"2016-04-14T22:42:40","date_gmt":"2016-04-15T03:12:40","guid":{"rendered":"http:\/\/www.it.com.ve\/ingenium\/?page_id=110"},"modified":"2024-03-17T18:09:31","modified_gmt":"2024-03-17T18:09:31","slug":"ing-tomas-osers","status":"publish","type":"page","link":"https:\/\/hrtosers.site\/it\/ing-tomas-osers\/","title":{"rendered":"Ing. Tom\u00e1s Osers"},"content":{"rendered":"<p style=\"text-align: justify;\"><img loading=\"lazy\" decoding=\"async\" class=\"alignnone size-full wp-image-173\" src=\"https:\/\/hrtosers.site\/it\/wp-content\/uploads\/2016\/04\/tomi.jpg\" alt=\"\" width=\"200\" height=\"238\" \/>Director de Tecnolog\u00edas de Informaci\u00f3n<\/p>\n<p style=\"text-align: justify;\">Su experiencia abarca el \u00e1rea de Ingenier\u00eda Estructural y Programaci\u00f3n. Profesor Jubilado de Resistencia de Materiales, Estructuras y Geometr\u00eda Descriptiva en la Universidad Central de Venezuela. Cofundador de\u00a0H&amp;R&amp;T OSERS, Ingenieros, \u00a0Autor y Coautor de 8 libros de Ingenier\u00eda Civil,<\/p>\n<p style=\"text-align: justify;\">Naci\u00f3 en Venezuela \u00a0y obtuvo del t\u00edtulo de Ingeniero Civil en la Universidad Central de Venezuela y MSC en Ingener\u00eda Civil de la Universidad Central de Venezuela.<\/p>\n<p>&nbsp;<\/p>\n<p><a href=\"https:\/\/hrtosers.site\/it\/quienes-somos\/\">&lt;&#8211; Regresar<\/a><\/p>\n","protected":false},"excerpt":{"rendered":"<p>Director de Tecnolog\u00edas de Informaci\u00f3n Su experiencia abarca el \u00e1rea de Ingenier\u00eda Estructural y Programaci\u00f3n. Profesor Jubilado de Resistencia de Materiales, Estructuras y Geometr\u00eda Descriptiva en la Universidad Central de Venezuela. Cofundador de\u00a0H&amp;R&amp;T OSERS, Ingenieros, \u00a0Autor y Coautor de 8 libros de Ingenier\u00eda Civil, Naci\u00f3 en Venezuela \u00a0y obtuvo del t\u00edtulo de Ingeniero Civil en <a href=\"https:\/\/hrtosers.site\/it\/ing-tomas-osers\/\" class=\"more-link\">&#8230;Continue reading<\/a><\/p>\n","protected":false},"author":1,"featured_media":0,"parent":0,"menu_order":0,"comment_status":"closed","ping_status":"closed","template":"","meta":{"footnotes":""},"class_list":["post-110","page","type-page","status-publish","hentry"],"_links":{"self":[{"href":"https:\/\/hrtosers.site\/it\/wp-json\/wp\/v2\/pages\/110","targetHints":{"allow":["GET"]}}],"collection":[{"href":"https:\/\/hrtosers.site\/it\/wp-json\/wp\/v2\/pages"}],"about":[{"href":"https:\/\/hrtosers.site\/it\/wp-json\/wp\/v2\/types\/page"}],"author":[{"embeddable":true,"href":"https:\/\/hrtosers.site\/it\/wp-json\/wp\/v2\/users\/1"}],"replies":[{"embeddable":true,"href":"https:\/\/hrtosers.site\/it\/wp-json\/wp\/v2\/comments?post=110"}],"version-history":[{"count":1,"href":"https:\/\/hrtosers.site\/it\/wp-json\/wp\/v2\/pages\/110\/revisions"}],"predecessor-version":[{"id":954,"href":"https:\/\/hrtosers.site\/it\/wp-json\/wp\/v2\/pages\/110\/revisions\/954"}],"wp:attachment":[{"href":"https:\/\/hrtosers.site\/it\/wp-json\/wp\/v2\/media?parent=110"}],"curies":[{"name":"wp","href":"https:\/\/api.w.org\/{rel}","templated":true}]}}