{"id":113,"date":"2016-04-14T22:42:56","date_gmt":"2016-04-15T03:12:56","guid":{"rendered":"http:\/\/www.it.com.ve\/ingenium\/?page_id=113"},"modified":"2024-03-17T18:11:12","modified_gmt":"2024-03-17T18:11:12","slug":"ing-miguel-osers","status":"publish","type":"page","link":"https:\/\/hrtosers.site\/it\/ing-miguel-osers\/","title":{"rendered":"Ing. Miguel Osers"},"content":{"rendered":"<p style=\"text-align: justify;\"><img loading=\"lazy\" decoding=\"async\" class=\"alignnone size-full wp-image-157\" src=\"https:\/\/hrtosers.site\/it\/wp-content\/uploads\/2016\/04\/miki.jpg\" alt=\"\" width=\"168\" height=\"216\" \/>Director de Operaciones<\/p>\n<p style=\"text-align: justify;\">Su experiencia abarca el area de Ingenier\u00eda de Transporte e Ingenier\u00eda de Costos, \u00a0Cofundador de Comercializadora Ingenium 3000, C.A, Profesor de Inform\u00e1tica para Ingenieros en la Universidad Central de Venezuela y Dibujo Asistido por Computador en la Universidad Cat\u00f3lica Andr\u00e9s Bello. Autor y Coautor de 8 libros de Ingenier\u00eda Civil,<\/p>\n<p style=\"text-align: justify;\">Naci\u00f3 en Venezuela \u00a0y obtuvo del t\u00edtulo de Ingeniero Civil menci\u00f3n Transporte en la Universidad Jos\u00e9 Mar\u00eda Vargas y MSC en Estudios N\u00e1uticos de la Universidad de Canterbury<\/p>\n<p style=\"text-align: justify;\"><a href=\"https:\/\/hrtosers.site\/it\/quienes-somos\/\">&lt;&#8211; Regresar<\/a><\/p>\n","protected":false},"excerpt":{"rendered":"<p>Director de Operaciones Su experiencia abarca el area de Ingenier\u00eda de Transporte e Ingenier\u00eda de Costos, \u00a0Cofundador de Comercializadora Ingenium 3000, C.A, Profesor de Inform\u00e1tica para Ingenieros en la Universidad Central de Venezuela y Dibujo Asistido por Computador en la Universidad Cat\u00f3lica Andr\u00e9s Bello. Autor y Coautor de 8 libros de Ingenier\u00eda Civil, Naci\u00f3 en <a href=\"https:\/\/hrtosers.site\/it\/ing-miguel-osers\/\" class=\"more-link\">&#8230;Continue reading<\/a><\/p>\n","protected":false},"author":1,"featured_media":0,"parent":0,"menu_order":0,"comment_status":"closed","ping_status":"closed","template":"","meta":{"footnotes":""},"class_list":["post-113","page","type-page","status-publish","hentry"],"_links":{"self":[{"href":"https:\/\/hrtosers.site\/it\/wp-json\/wp\/v2\/pages\/113","targetHints":{"allow":["GET"]}}],"collection":[{"href":"https:\/\/hrtosers.site\/it\/wp-json\/wp\/v2\/pages"}],"about":[{"href":"https:\/\/hrtosers.site\/it\/wp-json\/wp\/v2\/types\/page"}],"author":[{"embeddable":true,"href":"https:\/\/hrtosers.site\/it\/wp-json\/wp\/v2\/users\/1"}],"replies":[{"embeddable":true,"href":"https:\/\/hrtosers.site\/it\/wp-json\/wp\/v2\/comments?post=113"}],"version-history":[{"count":1,"href":"https:\/\/hrtosers.site\/it\/wp-json\/wp\/v2\/pages\/113\/revisions"}],"predecessor-version":[{"id":956,"href":"https:\/\/hrtosers.site\/it\/wp-json\/wp\/v2\/pages\/113\/revisions\/956"}],"wp:attachment":[{"href":"https:\/\/hrtosers.site\/it\/wp-json\/wp\/v2\/media?parent=113"}],"curies":[{"name":"wp","href":"https:\/\/api.w.org\/{rel}","templated":true}]}}