{"id":116,"date":"2016-04-14T22:43:41","date_gmt":"2016-04-15T03:13:41","guid":{"rendered":"http:\/\/www.it.com.ve\/ingenium\/?page_id=116"},"modified":"2024-03-17T18:08:14","modified_gmt":"2024-03-17T18:08:14","slug":"arq-judith-osers","status":"publish","type":"page","link":"https:\/\/hrtosers.site\/it\/arq-judith-osers\/","title":{"rendered":"Arq. Judith Osers"},"content":{"rendered":"<p style=\"text-align: justify;\"><a href=\"http:\/\/www.houzz.es\/pro\/osersdesign\/osers-design\" target=\"_blank\" rel=\"noopener noreferrer\"><img loading=\"lazy\" decoding=\"async\" class=\"alignleft wp-image-195 size-full\" src=\"http:\/\/vcp.kgy.mybluehost.me\/ingenium\/wp-content\/uploads\/2016\/04\/judith.jpg\" alt=\"judith\" width=\"200\" height=\"200\" srcset=\"https:\/\/hrtosers.site\/it\/wp-content\/uploads\/2016\/04\/judith.jpg 200w, https:\/\/hrtosers.site\/it\/wp-content\/uploads\/2016\/04\/judith-150x150.jpg 150w\" sizes=\"auto, (max-width: 200px) 100vw, 200px\" \/><\/a>Al crecer en torno a una familia de ingenieros, Judith ha estado rodeada de obras de construcci\u00f3n y la construcci\u00f3n de estructuras durante la mayor parte de su vida.<\/p>\n<p style=\"text-align: justify;\">Ella ha estado activa en la industria nacional e internacional durante 10 a\u00f1os y est\u00e1 involucrada en un amplio espectro de proyectos de dise\u00f1o que implican tanto la arquitectura como componentes de dise\u00f1o de interiores. Fluida en espa\u00f1ol e Ingl\u00e9s, Judith es un arquitecto en Venezuela, miembro ASID, recibi\u00f3 su Maestr\u00eda en Dise\u00f1o de Interiores de Boston Architectural College y es Arquitecto graduada de la Universidad Central de Venezuela.<\/p>\n<p><a href=\"https:\/\/hrtosers.site\/it\/quienes-somos\/\">&lt;&#8211; Regresar<\/a><\/p>\n","protected":false},"excerpt":{"rendered":"<p>Al crecer en torno a una familia de ingenieros, Judith ha estado rodeada de obras de construcci\u00f3n y la construcci\u00f3n de estructuras durante la mayor parte de su vida. Ella ha estado activa en la industria nacional e internacional durante 10 a\u00f1os y est\u00e1 involucrada en un amplio espectro de proyectos de dise\u00f1o que implican <a href=\"https:\/\/hrtosers.site\/it\/arq-judith-osers\/\" class=\"more-link\">&#8230;Continue reading<\/a><\/p>\n","protected":false},"author":1,"featured_media":0,"parent":0,"menu_order":0,"comment_status":"closed","ping_status":"closed","template":"","meta":{"footnotes":""},"class_list":["post-116","page","type-page","status-publish","hentry"],"_links":{"self":[{"href":"https:\/\/hrtosers.site\/it\/wp-json\/wp\/v2\/pages\/116","targetHints":{"allow":["GET"]}}],"collection":[{"href":"https:\/\/hrtosers.site\/it\/wp-json\/wp\/v2\/pages"}],"about":[{"href":"https:\/\/hrtosers.site\/it\/wp-json\/wp\/v2\/types\/page"}],"author":[{"embeddable":true,"href":"https:\/\/hrtosers.site\/it\/wp-json\/wp\/v2\/users\/1"}],"replies":[{"embeddable":true,"href":"https:\/\/hrtosers.site\/it\/wp-json\/wp\/v2\/comments?post=116"}],"version-history":[{"count":1,"href":"https:\/\/hrtosers.site\/it\/wp-json\/wp\/v2\/pages\/116\/revisions"}],"predecessor-version":[{"id":952,"href":"https:\/\/hrtosers.site\/it\/wp-json\/wp\/v2\/pages\/116\/revisions\/952"}],"wp:attachment":[{"href":"https:\/\/hrtosers.site\/it\/wp-json\/wp\/v2\/media?parent=116"}],"curies":[{"name":"wp","href":"https:\/\/api.w.org\/{rel}","templated":true}]}}