{"id":145,"date":"2016-04-15T00:14:46","date_gmt":"2016-04-15T04:44:46","guid":{"rendered":"http:\/\/www.it.com.ve\/ingenium\/?page_id=145"},"modified":"2016-04-15T00:14:46","modified_gmt":"2016-04-15T04:44:46","slug":"clientes","status":"publish","type":"page","link":"https:\/\/hrtosers.site\/it\/clientes\/","title":{"rendered":"Clientes"},"content":{"rendered":"<ul>\n<li style=\"text-align: justify;\"><strong>Electrificaci\u00f3n del Caron\u00ed (EDELCA)<\/strong><br \/>\nC\u00e1lculo estructural de m\u00e1s de 100 Torres de transmisi\u00f3n de alta y baja Tensi\u00f3n<\/li>\n<li style=\"text-align: justify;\"><strong>Desarrollos Urbanizaci\u00f3n Escampadero<br \/>\n<\/strong>C\u00e1lculo estructural de cinco Torres de apartamentos<\/li>\n<li style=\"text-align: justify;\"><strong>Korda Modas<\/strong><br \/>\nC\u00e1lculo Estructural del centro Comercial MetroCenter en el Centro de Caracas<\/li>\n<li style=\"text-align: justify;\"><strong>Grupo Corimon<\/strong><br \/>\nConservaci\u00f3n, mantenimiento y mejoras de las instalaciones industriales de Montana Gr\u00e1fica y Montana Pintura<\/li>\n<li style=\"text-align: justify;\"><strong>Grupo\u00a0Seguros Caracas<\/strong><br \/>\nConservaci\u00f3n, mantenimiento y mejoras del Edificio Seguros Caracas en la Av. Francisco de Miranda<\/li>\n<li style=\"text-align: justify;\"><strong>TAUREL Cia y Scrs<\/strong><br \/>\nConservaci\u00f3n, mantenimiento y mejoras de las sedes de Caracas, La Guaira, Catia La Mar, Valencia, Puerto Cabello, maracibo, Guanta y Barquisimeto. Elaboraci\u00f3n, implementaci\u00f3n y seguimiento de los programas de mantenimiento preventivo y correctivo de las sedes a nivel nacional para mantener la\u00a0certificaci\u00f3n ISO 9001-2008 en infraestructura<\/li>\n<li style=\"text-align: justify;\"><strong>Hospital de Cl\u00ednicas Caracas<\/strong><br \/>\nConservaci\u00f3n, mantenimiento y mejoras de los sistems de extracci\u00f3n de agua para la estabilizaci\u00f3n del nivel fre\u00e1tico en los estacionamientos<\/li>\n<li style=\"text-align: justify;\"><strong>TUBRICA<\/strong><br \/>\nDesarrollo del programa TubriCAD como aplicaci\u00f3n addon para el trazado de las tuber\u00edas de aguas negras en el sistema AutoCAD y la generaci\u00f3n de los c\u00f3mputos m\u00e9tricos utilizando la codificaci\u00f3n de tuber\u00edas y accesorios de PVC de Tubrica<\/li>\n<li style=\"text-align: justify;\"><strong>Instituto de Costos de Construcci\u00f3n e Informaci\u00f3n\u00a0Tecnol\u00f3gica\u00a0ICCIT-CIV<\/strong><br \/>\nDesarrollo, implementaci\u00f3n y mantenimiento de la p\u00e1gina web www.grc.com.ve hasta el a\u00f1o 1996 en la cual la Gu\u00eda de Costos de Construcci\u00f3n pas\u00f3 a ser una plataforma independiente del ICCIT-CIV<\/li>\n<li style=\"text-align: justify;\"><strong>Banco Central de Venezuela<\/strong><br \/>\nDesarrollo de la primera y segunda versi\u00f3n (amarilla y azul) de la p\u00e1gina web del Banco Central de Venezuela, incluyendo el desarrollo de herramientas automatizadas y transferencia de tecnolog\u00eda para la actualizaci\u00f3n y mantenimiento de la misma<\/li>\n<li style=\"text-align: justify;\"><strong>Ministerio de Transporte y Comunicaciones (luego MINFRA e INTT)<\/strong><br \/>\nDesarrollo del Registro de Operadores de Transporte Publico de Pasajeros (ROT) y Transporte de Carga (ROTC)<\/li>\n<li style=\"text-align: justify;\"><strong>Instituto de BioIngier\u00eda de la Universidad Central de Venezuela<br \/>\n<\/strong>Inspecci\u00f3n de la construcci\u00f3n de la nueva sede ubicada en la escuela de enfermer\u00eda Sebuc\u00e1n<\/li>\n<\/ul>\n","protected":false},"excerpt":{"rendered":"<p>Electrificaci\u00f3n del Caron\u00ed (EDELCA) C\u00e1lculo estructural de m\u00e1s de 100 Torres de transmisi\u00f3n de alta y baja Tensi\u00f3n Desarrollos Urbanizaci\u00f3n Escampadero C\u00e1lculo estructural de cinco Torres de apartamentos Korda Modas C\u00e1lculo Estructural del centro Comercial MetroCenter en el Centro de Caracas Grupo Corimon Conservaci\u00f3n, mantenimiento y mejoras de las instalaciones industriales de Montana Gr\u00e1fica y <a href=\"https:\/\/hrtosers.site\/it\/clientes\/\" class=\"more-link\">&#8230;Continue reading<\/a><\/p>\n","protected":false},"author":1,"featured_media":0,"parent":0,"menu_order":0,"comment_status":"closed","ping_status":"closed","template":"","meta":{"footnotes":""},"class_list":["post-145","page","type-page","status-publish","hentry"],"_links":{"self":[{"href":"https:\/\/hrtosers.site\/it\/wp-json\/wp\/v2\/pages\/145","targetHints":{"allow":["GET"]}}],"collection":[{"href":"https:\/\/hrtosers.site\/it\/wp-json\/wp\/v2\/pages"}],"about":[{"href":"https:\/\/hrtosers.site\/it\/wp-json\/wp\/v2\/types\/page"}],"author":[{"embeddable":true,"href":"https:\/\/hrtosers.site\/it\/wp-json\/wp\/v2\/users\/1"}],"replies":[{"embeddable":true,"href":"https:\/\/hrtosers.site\/it\/wp-json\/wp\/v2\/comments?post=145"}],"version-history":[{"count":0,"href":"https:\/\/hrtosers.site\/it\/wp-json\/wp\/v2\/pages\/145\/revisions"}],"wp:attachment":[{"href":"https:\/\/hrtosers.site\/it\/wp-json\/wp\/v2\/media?parent=145"}],"curies":[{"name":"wp","href":"https:\/\/api.w.org\/{rel}","templated":true}]}}