{"id":176,"date":"2016-04-15T09:28:18","date_gmt":"2016-04-15T13:58:18","guid":{"rendered":"http:\/\/www.it.com.ve\/ingenium\/?page_id=176"},"modified":"2016-04-15T09:28:18","modified_gmt":"2016-04-15T13:58:18","slug":"conservacion-mejoras-y-mantenimiento","status":"publish","type":"page","link":"https:\/\/hrtosers.site\/it\/conservacion-mejoras-y-mantenimiento\/","title":{"rendered":"Conservar, Mejorar y Mantener"},"content":{"rendered":"<p style=\"text-align: justify;\"><strong>Conservar:<\/strong><\/p>\n<p style=\"text-align: justify;\">Por lo regular, la idea que tenemos de la conservaci\u00f3n es la de guardar cuidadosamente o ser \u201cavaro\u201d con un recurso; sin embargo nada est\u00e1 mas alejado de la realidad, ya que la conservaci\u00f3n trata de obtener la protecci\u00f3n del recurso y, al mismo tiempo, la calidad deseada del servicio que proporcione \u00e9ste. Es por ello que los objetivos generales de la conservaci\u00f3n son:<\/p>\n<ol style=\"text-align: justify;\">\n<li>Mantener la calidad y cantidad de servicio que entrega un recurso o sistema de recurso, dentro de los par\u00e1metros esperados,durante su tiempo programado de funcionamiento.<\/li>\n<li>Preservar, dentro de l\u00edmites econ\u00f3micos establecidos, el costo del ciclo de vida (LCC) de los recursos de la empresa.<\/li>\n<\/ol>\n<p style=\"text-align: justify;\">La conservaci\u00f3n es toda acci\u00f3n humana que, mediante la aplicaci\u00f3n de conocimientos t\u00e9cnicos y cient\u00edficos, contribuye al \u00f3ptimo aprovechamiento de los recursos existentes en el h\u00e1bitat humano y propicia con ello, el desarrollo integral del hombre y de la sociedad.<br \/>\nLa conservaci\u00f3n se divide en dos grandes ramas: una de ellas es la preservaci\u00f3n, la cual atiende las necesidades de los recursos f\u00edsicos y la otra es el mantenimiento, que se encarga de cuidar el servicio que proporcionan estos recursos.<br \/>\nMientras la preservaci\u00f3n se enfoca al cuidado del recurso, el mantenimiento se enfoca al cuidado del servicio que proporciona dicho recurso.<\/p>\n<p style=\"text-align: justify;\">A lo largo de la vida \u00fatil de los bienes, es necesario realizar\u00a0ciertas erogaciones con el fin de mantener, reparar o mejorar su capacidad de servicio y de esta forma conservarlas.. Es as\u00ed que se distinguen tres tipo de erogaciones:<\/p>\n<p style=\"text-align: justify;\"><strong>Mantener:<\/strong><br \/>\nDentro de este concepto se incluyen todas las erogaciones realizadas con el objeto de\u00a0mantener o conservar la capacidad operativa del bien.<\/p>\n<p style=\"text-align: justify;\">Este tipo de erogaciones\u00a0son necesarias\u00a0 y el ente sabe que a lo largo de la vida \u00fatil del bien debe incurrir en las mismas con el objeto de permitir que dicho bien no disminuya su capacidad de utilizaci\u00f3n antes de tiempo.<\/p>\n<p style=\"text-align: justify;\">Estas erogaciones no prolongan la vida \u00fatil del bien ni tampoco su capacidad de utilizaci\u00f3n. Tampoco aumentan su valor. Por sus caracter\u00edsticas\u00a0constituyen un gasto\u00a0para el ente y en consecuencia son imputados a resultados en el per\u00edodo en que se\u00a0realizan. Constituyen un resultado ordinario el ejercicio en que se presta el servicio de mantenimiento.<\/p>\n<p style=\"text-align: justify;\">Seg\u00fan Fowler Newton:<\/p>\n<p><em>&#8220;Son las erogaciones que se realizan con el objetivo de permitir el normal funcionamiento de los Bienes de Uso.<\/em><\/p>\n<p><em>Estas erogaciones son habituales, esperadas y adem\u00e1s son necesarias, indispensables por definici\u00f3n t\u00e9cnica de Bienes de Uso.<\/em><br \/>\n<em> En el caso de los bienes afectados a producci\u00f3n, el gasto de mantenimiento deber\u00e1 formar parte del costo de los bienes producidos, en la producci\u00f3n que corresponda.&#8221;<\/em><\/p>\n<p style=\"text-align: justify;\">Son ejemplos de ellas: gastos de pintura, limpieza, ajuste, cambio de aceite en rodados, de filtros, de l\u00edquido de frenos, etc\u00e9tera.<\/p>\n<p style=\"text-align: justify;\"><strong>Reparar:<\/strong><br \/>\nLas erogaciones conceptualizadas como reparaciones, son aquellas cuyo objeto es\u00a0reparar o subsanar la capacidad de servicio del bien.\u00a0A diferencia del mantenimiento, en las reparaciones, existe un da\u00f1o producido al bien,\u00a0ya sea en forma accidental, intencional o por caso fortuito. Tambi\u00e9n ellas constituyen un gasto que deber\u00e1 ser reconocido y en consecuencia,\u00a0cargado a resultados,\u00a0en el ejercicio en que se incurren, es decir al producirse el hecho que origina la reparaci\u00f3n.<\/p>\n<p style=\"text-align: justify;\">Seg\u00fan Fronti y Helouani en su libro \u201cBienes de uso, Lecturas Universitarias\u201d, las reparaciones son:<\/p>\n<p><em>&#8220;Las erogaciones que se producen con el objeto de reparar o reponer la capacidad de uso de un bien.<\/em><\/p>\n<p><em>La reparaci\u00f3n es necesaria en los casos en que se producen da\u00f1os a los bienes por alg\u00fan accidente o hecho fortuito.&#8221;<\/em><\/p>\n<p style=\"text-align: justify;\"><strong>Mejorar:<\/strong><br \/>\nLas mejoras constituyen inversiones en un bien que aumentan la capacidad de servicios de los mismos, ya sea extendiendo su vida \u00fatil o aumentando su productividad. En todos los casos\u00a0modifican sus condiciones originales.<\/p>\n<p style=\"text-align: justify;\">En ambos casos, la mejora supone la\u00a0incorporaci\u00f3n de un nuevo valor al activo,\u00a0que puede extender su vida \u00fatil o bien incrementar su productividad o eficiencia, ya sea reduciendo costos o incrementando la cantidad de unidades a producir u horas iniciales (vida \u00fatil).<\/p>\n<p style=\"text-align: justify;\">Como consecuencia de ellas\u00a0se benefician per\u00edodos\u00a0futuros,\u00a0por lo que dicho costo\u00a0se carga al activo,\u00a0modificando su valor de costo de adquisici\u00f3n.<\/p>\n","protected":false},"excerpt":{"rendered":"<p>Conservar: Por lo regular, la idea que tenemos de la conservaci\u00f3n es la de guardar cuidadosamente o ser \u201cavaro\u201d con un recurso; sin embargo nada est\u00e1 mas alejado de la realidad, ya que la conservaci\u00f3n trata de obtener la protecci\u00f3n del recurso y, al mismo tiempo, la calidad deseada del servicio que proporcione \u00e9ste. Es <a href=\"https:\/\/hrtosers.site\/it\/conservacion-mejoras-y-mantenimiento\/\" class=\"more-link\">&#8230;Continue reading<\/a><\/p>\n","protected":false},"author":1,"featured_media":0,"parent":0,"menu_order":0,"comment_status":"closed","ping_status":"closed","template":"","meta":{"footnotes":""},"class_list":["post-176","page","type-page","status-publish","hentry"],"_links":{"self":[{"href":"https:\/\/hrtosers.site\/it\/wp-json\/wp\/v2\/pages\/176","targetHints":{"allow":["GET"]}}],"collection":[{"href":"https:\/\/hrtosers.site\/it\/wp-json\/wp\/v2\/pages"}],"about":[{"href":"https:\/\/hrtosers.site\/it\/wp-json\/wp\/v2\/types\/page"}],"author":[{"embeddable":true,"href":"https:\/\/hrtosers.site\/it\/wp-json\/wp\/v2\/users\/1"}],"replies":[{"embeddable":true,"href":"https:\/\/hrtosers.site\/it\/wp-json\/wp\/v2\/comments?post=176"}],"version-history":[{"count":0,"href":"https:\/\/hrtosers.site\/it\/wp-json\/wp\/v2\/pages\/176\/revisions"}],"wp:attachment":[{"href":"https:\/\/hrtosers.site\/it\/wp-json\/wp\/v2\/media?parent=176"}],"curies":[{"name":"wp","href":"https:\/\/api.w.org\/{rel}","templated":true}]}}