{"id":208,"date":"2016-04-15T11:48:39","date_gmt":"2016-04-15T16:18:39","guid":{"rendered":"http:\/\/www.it.com.ve\/ingenium\/?page_id=208"},"modified":"2024-01-21T13:01:19","modified_gmt":"2024-01-21T13:01:19","slug":"publicaciones","status":"publish","type":"page","link":"https:\/\/hrtosers.site\/it\/publicaciones\/","title":{"rendered":"OSERS &#038; CO"},"content":{"rendered":"<p style=\"text-align: left;\"><img loading=\"lazy\" decoding=\"async\" class=\"size-medium wp-image-936 aligncenter\" src=\"https:\/\/hrtosers.site\/it\/wp-content\/uploads\/2023\/12\/Clipboard01-300x79.jpg\" alt=\"\" width=\"300\" height=\"79\" srcset=\"https:\/\/hrtosers.site\/it\/wp-content\/uploads\/2023\/12\/Clipboard01-300x79.jpg 300w, https:\/\/hrtosers.site\/it\/wp-content\/uploads\/2023\/12\/Clipboard01.jpg 502w\" sizes=\"auto, (max-width: 300px) 100vw, 300px\" \/>Nuestras ra\u00edces nacen de una editorial que, desde 1960, publica libros de Harry Osers, un sobreviviente del Holocausto que dedic\u00f3 su intelecto a la formaci\u00f3n de estudiantes en Venezuela; pa\u00eds que le dio acogida como refugiado de la Guerra, en el que transmiti\u00f3 a sus hijos sus experiencias como profesor y sembr\u00f3 la semilla de la edici\u00f3n de libros t\u00e9cnicos.<\/p>\n<table>\n<tbody>\n<tr>\n<td><img loading=\"lazy\" decoding=\"async\" class=\"alignnone wp-image-221 size-full\" title=\"Comprar en mercadolibre.com\" src=\"https:\/\/hrtosers.site\/it\/wp-content\/uploads\/2016\/04\/01-estudio-2015-e1460756522287.jpg\" alt=\"\" width=\"200\" height=\"289\" \/><\/td>\n<td><img loading=\"lazy\" decoding=\"async\" class=\"alignnone wp-image-223 size-full\" title=\"Comprar en Mercado Libre\" src=\"https:\/\/hrtosers.site\/it\/wp-content\/uploads\/2016\/04\/02-problemario-e1460756658669.jpg\" alt=\"\" width=\"200\" height=\"282\" \/><\/td>\n<\/tr>\n<tr>\n<td><a href=\"http:\/\/articulo.mercadolibre.com.ve\/MLV-462629763-dibujo-de-proyectos-de-construccion-casa-quinta-harry-osers-_JM\" target=\"_blank\" rel=\"noopener noreferrer\"><img loading=\"lazy\" decoding=\"async\" class=\"aligncenter wp-image-224 size-full\" title=\"Comprar en mercadolibre.com\" src=\"https:\/\/hrtosers.site\/it\/wp-content\/uploads\/2016\/04\/03-casaquinta2015.jpg\" alt=\"03-casaquinta2015\" width=\"250\" height=\"181\" \/><\/a><\/td>\n<td><img loading=\"lazy\" decoding=\"async\" class=\"alignnone wp-image-225 size-full\" src=\"https:\/\/hrtosers.site\/it\/wp-content\/uploads\/2016\/04\/04-urbanizacion-e1460756684750.jpg\" alt=\"\" width=\"200\" height=\"145\" \/><\/td>\n<\/tr>\n<tr>\n<td><img loading=\"lazy\" decoding=\"async\" class=\"alignnone wp-image-222 size-full\" title=\"Comprar en mercadolibre.com\" src=\"https:\/\/hrtosers.site\/it\/wp-content\/uploads\/2016\/04\/10-detalles-07-e1460756634168.jpg\" alt=\"\" width=\"200\" height=\"255\" \/><\/td>\n<td><img loading=\"lazy\" decoding=\"async\" class=\"alignnone wp-image-226 size-full\" title=\"Comprar en mercadolibre.com\" src=\"https:\/\/hrtosers.site\/it\/wp-content\/uploads\/2016\/04\/07-concreto-2015-e1460756703414.jpg\" alt=\"\" width=\"200\" height=\"278\" \/><\/td>\n<\/tr>\n<\/tbody>\n<\/table>\n<p style=\"text-align: left;\">Con la llegada de sus nietos, Harry Osers sinti\u00f3 la necesidad de transmitir su pasado durante el Holocausto y, desde entonces, la editorial se ha dedicado a la publicaci\u00f3n de libros que evocan las historias de la Sho\u00e1 y las formas en que el Holocausto, m\u00e1s de 80 a\u00f1os despu\u00e9s, sigue presente en la memoria colectiva de la tercera y cuarta generaci\u00f3n de sobrevivientes, quienes sienten la responsabilidad de transmitir a las futuras generaciones (cuyos integrantes nunca tendr\u00e1n la oportunidad de conocer a un sobreviviente del Holocausto) los testimonios sobre el \u201c<strong>Holocausto: antes, durante, despu\u00e9s\u201d.<\/strong><\/p>\n<table style=\"height: 330px;\" width=\"518\">\n<tbody>\n<tr>\n<td><a href=\"https:\/\/www.amazon.com\/-\/es\/Angie-Osers-Sultan-ebook\/dp\/B004ZRFPTU\" target=\"_blank\" rel=\"noopener\"><img loading=\"lazy\" decoding=\"async\" class=\"aligncenter wp-image-938 size-medium\" src=\"https:\/\/hrtosers.site\/it\/wp-content\/uploads\/2023\/12\/25044203-200x300.jpg\" alt=\"\" width=\"200\" height=\"300\" srcset=\"https:\/\/hrtosers.site\/it\/wp-content\/uploads\/2023\/12\/25044203-200x300.jpg 200w, https:\/\/hrtosers.site\/it\/wp-content\/uploads\/2023\/12\/25044203.jpg 316w\" sizes=\"auto, (max-width: 200px) 100vw, 200px\" \/><\/a><\/td>\n<td><img loading=\"lazy\" decoding=\"async\" class=\"wp-image-939 size-medium aligncenter\" title=\"Comprar en Mercado Libre\" src=\"https:\/\/hrtosers.site\/it\/wp-content\/uploads\/2023\/12\/200059662-194x300.jpg\" alt=\"\" width=\"194\" height=\"300\" srcset=\"https:\/\/hrtosers.site\/it\/wp-content\/uploads\/2023\/12\/200059662-194x300.jpg 194w, https:\/\/hrtosers.site\/it\/wp-content\/uploads\/2023\/12\/200059662.jpg 324w\" sizes=\"auto, (max-width: 194px) 100vw, 194px\" \/><\/td>\n<\/tr>\n<\/tbody>\n<\/table>\n<p><a href=\"mailto:osersco@gmail.com\" target=\"_blank\" rel=\"noopener\">Ventas: OSERS@CO<\/a><\/p>\n<p><strong><a href=\"https:\/\/api.whatsapp.com\/send\/?phone=16624483535&amp;text=Estoy+interesado+en+informaci%C3%B3n+de+los+libros\" target=\"_blank\" rel=\"noopener\"><img loading=\"lazy\" decoding=\"async\" class=\"aligncenter wp-image-945\" src=\"https:\/\/hrtosers.site\/it\/wp-content\/uploads\/2024\/01\/whatsapp-icon-2048x2048-wo3g2qq0-e1705841561523-150x150.png\" alt=\"\" width=\"80\" height=\"80\" \/><\/a><\/strong><\/p>\n","protected":false},"excerpt":{"rendered":"<p>Nuestras ra\u00edces nacen de una editorial que, desde 1960, publica libros de Harry Osers, un sobreviviente del Holocausto que dedic\u00f3 su intelecto a la formaci\u00f3n de estudiantes en Venezuela; pa\u00eds que le dio acogida como refugiado de la Guerra, en el que transmiti\u00f3 a sus hijos sus experiencias como profesor y sembr\u00f3 la semilla de <a href=\"https:\/\/hrtosers.site\/it\/publicaciones\/\" class=\"more-link\">&#8230;Continue reading<\/a><\/p>\n","protected":false},"author":1,"featured_media":936,"parent":0,"menu_order":0,"comment_status":"closed","ping_status":"closed","template":"","meta":{"footnotes":""},"class_list":["post-208","page","type-page","status-publish","has-post-thumbnail","hentry"],"_links":{"self":[{"href":"https:\/\/hrtosers.site\/it\/wp-json\/wp\/v2\/pages\/208","targetHints":{"allow":["GET"]}}],"collection":[{"href":"https:\/\/hrtosers.site\/it\/wp-json\/wp\/v2\/pages"}],"about":[{"href":"https:\/\/hrtosers.site\/it\/wp-json\/wp\/v2\/types\/page"}],"author":[{"embeddable":true,"href":"https:\/\/hrtosers.site\/it\/wp-json\/wp\/v2\/users\/1"}],"replies":[{"embeddable":true,"href":"https:\/\/hrtosers.site\/it\/wp-json\/wp\/v2\/comments?post=208"}],"version-history":[{"count":5,"href":"https:\/\/hrtosers.site\/it\/wp-json\/wp\/v2\/pages\/208\/revisions"}],"predecessor-version":[{"id":947,"href":"https:\/\/hrtosers.site\/it\/wp-json\/wp\/v2\/pages\/208\/revisions\/947"}],"wp:featuredmedia":[{"embeddable":true,"href":"https:\/\/hrtosers.site\/it\/wp-json\/wp\/v2\/media\/936"}],"wp:attachment":[{"href":"https:\/\/hrtosers.site\/it\/wp-json\/wp\/v2\/media?parent=208"}],"curies":[{"name":"wp","href":"https:\/\/api.w.org\/{rel}","templated":true}]}}