{"id":243,"date":"2016-04-15T18:35:05","date_gmt":"2016-04-15T23:05:05","guid":{"rendered":"http:\/\/www.it.com.ve\/ingenium\/?page_id=243"},"modified":"2016-04-15T18:35:05","modified_gmt":"2016-04-15T23:05:05","slug":"243-2","status":"publish","type":"page","link":"https:\/\/hrtosers.site\/it\/243-2\/","title":{"rendered":"Inform\u00e1tica"},"content":{"rendered":"<p style=\"text-align: justify;\">En el \u00e1rea de la Inform\u00e1tica H&amp;R&amp;T OSERS, Ingenieros, ha actuado como asesor de la compa\u00f1\u00eda Hewlett Packard de Venezuela en el lanzamiento para Venezuela del computador HP-110<\/p>\n<p style=\"text-align: justify;\">Desde el a\u00f1o 1982 ha desarrollado diversos paquetes de software para el sector Ingenier\u00eda y empresarial, los que son actualmente utilizados por la Ingenier\u00eda Venezolana en diversas \u00e1reas, como.<\/p>\n<ul style=\"text-align: justify;\">\n<li>\u00a0\u00a0\u00a0\u00a0\u00a0\u00a0\u00a0\u00a0\u00a0\u00a0\u00a0 Estructuras de Concreto y CAD<\/li>\n<li>\u00a0\u00a0\u00a0\u00a0\u00a0\u00a0\u00a0\u00a0\u00a0\u00a0\u00a0 Estructuras Met\u00e1licas<\/li>\n<li>\u00a0\u00a0\u00a0\u00a0\u00a0\u00a0\u00a0\u00a0\u00a0\u00a0\u00a0 Hidr\u00e1ulica<\/li>\n<li>\u00a0\u00a0\u00a0\u00a0\u00a0\u00a0\u00a0\u00a0\u00a0\u00a0\u00a0 Vialidad y Transporte<\/li>\n<li>\u00a0\u00a0\u00a0\u00a0\u00a0\u00a0\u00a0\u00a0\u00a0\u00a0\u00a0 Telecomunicaciones<\/li>\n<\/ul>\n<p style=\"text-align: justify;\">Desde el a\u00f1o 1994, H&amp;R&amp;T Osers, entr\u00f3 en el Programa de \u201c<em>Desarrolladores Registrados de Autodesk\u201d<\/em>, siendo el \u00fanico Desarrollador Venezolano de Software, presente en este Programa.<\/p>\n<p style=\"text-align: justify;\">Desde el a\u00f1o 1996 ha desarrollado varios portales web como el del Banco Central de Venezuela, Schneider-Electric de Venezuela, Trouvay-Cauvin, Gu\u00eda de Costos de la Construcci\u00f3n, Grupo Humana, Turven, Puertas Viso etc<\/p>\n<p style=\"text-align: justify;\">En 1999 se ha preparado, a solicitud de la Empresa PAVCO, C.A., el programa PAVCOCAD, que dibuja la tuber\u00eda y las piezas sanitarias fabricadas por esta empresa, requeridas para la Instalaci\u00f3n Sanitaria de edificaciones, prepara los c\u00f3mputos e indica los c\u00f3digos de referencia de la f\u00e1brica.\u00a0Trabaja en conjunto con el programa AutoCAD\u00a9.<\/p>\n<p style=\"text-align: justify;\">En 2010 se ha preparado, a solicitud de la Empresa TUBRICA, C.A., el programa TubriCAD, que dibuja la tuber\u00eda y las piezas sanitarias fabricadas por esta empresa, requeridas para la Instalaci\u00f3n Sanitaria de edificaciones. Prepara los c\u00f3mputos e indica los c\u00f3digos de referencia de la f\u00e1brica.\u00a0Trabaja en conjunto con el programa AutoCAD\u00a9.<\/p>\n","protected":false},"excerpt":{"rendered":"<p>En el \u00e1rea de la Inform\u00e1tica H&amp;R&amp;T OSERS, Ingenieros, ha actuado como asesor de la compa\u00f1\u00eda Hewlett Packard de Venezuela en el lanzamiento para Venezuela del computador HP-110 Desde el a\u00f1o 1982 ha desarrollado diversos paquetes de software para el sector Ingenier\u00eda y empresarial, los que son actualmente utilizados por la Ingenier\u00eda Venezolana en diversas <a href=\"https:\/\/hrtosers.site\/it\/243-2\/\" class=\"more-link\">&#8230;Continue reading<\/a><\/p>\n","protected":false},"author":1,"featured_media":0,"parent":0,"menu_order":0,"comment_status":"closed","ping_status":"closed","template":"","meta":{"footnotes":""},"class_list":["post-243","page","type-page","status-publish","hentry"],"_links":{"self":[{"href":"https:\/\/hrtosers.site\/it\/wp-json\/wp\/v2\/pages\/243","targetHints":{"allow":["GET"]}}],"collection":[{"href":"https:\/\/hrtosers.site\/it\/wp-json\/wp\/v2\/pages"}],"about":[{"href":"https:\/\/hrtosers.site\/it\/wp-json\/wp\/v2\/types\/page"}],"author":[{"embeddable":true,"href":"https:\/\/hrtosers.site\/it\/wp-json\/wp\/v2\/users\/1"}],"replies":[{"embeddable":true,"href":"https:\/\/hrtosers.site\/it\/wp-json\/wp\/v2\/comments?post=243"}],"version-history":[{"count":0,"href":"https:\/\/hrtosers.site\/it\/wp-json\/wp\/v2\/pages\/243\/revisions"}],"wp:attachment":[{"href":"https:\/\/hrtosers.site\/it\/wp-json\/wp\/v2\/media?parent=243"}],"curies":[{"name":"wp","href":"https:\/\/api.w.org\/{rel}","templated":true}]}}