{"id":253,"date":"2016-04-18T11:02:51","date_gmt":"2016-04-18T15:32:51","guid":{"rendered":"http:\/\/www.it.com.ve\/ingenium\/?page_id=253"},"modified":"2016-04-18T11:02:51","modified_gmt":"2016-04-18T15:32:51","slug":"estimacion-de-presupuesto","status":"publish","type":"page","link":"https:\/\/hrtosers.site\/it\/estimacion-de-presupuesto\/","title":{"rendered":"Estimaci\u00f3n de Presupuesto"},"content":{"rendered":"<ul>\n<li>Elaborar presupuesto y programa de mantenimiento anual de infraestructura<\/li>\n<li>Definici\u00f3n de partidas presupuestarias con su respectivo c\u00f3digo estructurado que permita discriminar por \u00e1rea de servicio<\/li>\n<\/ul>\n","protected":false},"excerpt":{"rendered":"<p>Elaborar presupuesto y programa de mantenimiento anual de infraestructura Definici\u00f3n de partidas presupuestarias con su respectivo c\u00f3digo estructurado que permita discriminar por \u00e1rea de servicio<\/p>\n","protected":false},"author":1,"featured_media":0,"parent":0,"menu_order":0,"comment_status":"closed","ping_status":"closed","template":"","meta":{"footnotes":""},"class_list":["post-253","page","type-page","status-publish","hentry"],"_links":{"self":[{"href":"https:\/\/hrtosers.site\/it\/wp-json\/wp\/v2\/pages\/253","targetHints":{"allow":["GET"]}}],"collection":[{"href":"https:\/\/hrtosers.site\/it\/wp-json\/wp\/v2\/pages"}],"about":[{"href":"https:\/\/hrtosers.site\/it\/wp-json\/wp\/v2\/types\/page"}],"author":[{"embeddable":true,"href":"https:\/\/hrtosers.site\/it\/wp-json\/wp\/v2\/users\/1"}],"replies":[{"embeddable":true,"href":"https:\/\/hrtosers.site\/it\/wp-json\/wp\/v2\/comments?post=253"}],"version-history":[{"count":0,"href":"https:\/\/hrtosers.site\/it\/wp-json\/wp\/v2\/pages\/253\/revisions"}],"wp:attachment":[{"href":"https:\/\/hrtosers.site\/it\/wp-json\/wp\/v2\/media?parent=253"}],"curies":[{"name":"wp","href":"https:\/\/api.w.org\/{rel}","templated":true}]}}