{"id":256,"date":"2016-04-18T11:25:12","date_gmt":"2016-04-18T15:55:12","guid":{"rendered":"http:\/\/www.it.com.ve\/ingenium\/?page_id=256"},"modified":"2021-10-20T13:28:18","modified_gmt":"2021-10-20T13:28:18","slug":"como-lo-ofrecemos","status":"publish","type":"page","link":"https:\/\/hrtosers.site\/it\/como-lo-ofrecemos\/","title":{"rendered":"C\u00f3mo lo Ofrecemos"},"content":{"rendered":"<p style=\"text-align: justify;\">Con el objeto de mantener las instalaciones en \u00f3ptimas condiciones, este plan de mantenimiento incluye el aspecto preventivo y correctivo, por lo que se integran pol\u00edticas, procedimientos y presupuestos para su debida \u00a0ejecuci\u00f3n.<\/p>\n<p><a href=\"https:\/\/hrtosers.site\/it\/?page_id=316\">Administraci\u00f3n<br \/>\n<\/a><a href=\"https:\/\/hrtosers.site\/it\/?page_id=318\">Soporte T\u00e9cnico<br \/>\n<\/a><a href=\"https:\/\/hrtosers.site\/it\/?page_id=320\">Supervisi\u00f3n<br \/>\n<\/a><a href=\"https:\/\/hrtosers.site\/it\/?page_id=322\">\u00a0Calidad<br \/>\n<\/a><a href=\"https:\/\/hrtosers.site\/it\/?page_id=324\">Academico<br \/>\n<\/a><a href=\"https:\/\/hrtosers.site\/it\/?page_id=326\">Areas de Atenci\u00f3n<\/a><\/p>\n<p>&nbsp;<\/p>\n","protected":false},"excerpt":{"rendered":"<p>Con el objeto de mantener las instalaciones en \u00f3ptimas condiciones, este plan de mantenimiento incluye el aspecto preventivo y correctivo, por lo que se integran pol\u00edticas, procedimientos y presupuestos para su debida \u00a0ejecuci\u00f3n. Administraci\u00f3n Soporte T\u00e9cnico Supervisi\u00f3n \u00a0Calidad Academico Areas de Atenci\u00f3n &nbsp;<\/p>\n","protected":false},"author":1,"featured_media":0,"parent":0,"menu_order":0,"comment_status":"closed","ping_status":"closed","template":"","meta":{"footnotes":""},"class_list":["post-256","page","type-page","status-publish","hentry"],"_links":{"self":[{"href":"https:\/\/hrtosers.site\/it\/wp-json\/wp\/v2\/pages\/256","targetHints":{"allow":["GET"]}}],"collection":[{"href":"https:\/\/hrtosers.site\/it\/wp-json\/wp\/v2\/pages"}],"about":[{"href":"https:\/\/hrtosers.site\/it\/wp-json\/wp\/v2\/types\/page"}],"author":[{"embeddable":true,"href":"https:\/\/hrtosers.site\/it\/wp-json\/wp\/v2\/users\/1"}],"replies":[{"embeddable":true,"href":"https:\/\/hrtosers.site\/it\/wp-json\/wp\/v2\/comments?post=256"}],"version-history":[{"count":1,"href":"https:\/\/hrtosers.site\/it\/wp-json\/wp\/v2\/pages\/256\/revisions"}],"predecessor-version":[{"id":926,"href":"https:\/\/hrtosers.site\/it\/wp-json\/wp\/v2\/pages\/256\/revisions\/926"}],"wp:attachment":[{"href":"https:\/\/hrtosers.site\/it\/wp-json\/wp\/v2\/media?parent=256"}],"curies":[{"name":"wp","href":"https:\/\/api.w.org\/{rel}","templated":true}]}}