{"id":316,"date":"2016-04-18T16:49:55","date_gmt":"2016-04-18T21:19:55","guid":{"rendered":"http:\/\/www.it.com.ve\/ingenium\/?page_id=316"},"modified":"2021-10-20T13:29:52","modified_gmt":"2021-10-20T13:29:52","slug":"administracion-2","status":"publish","type":"page","link":"https:\/\/hrtosers.site\/it\/administracion-2\/","title":{"rendered":"Administraci\u00f3n"},"content":{"rendered":"<ul>\n<li style=\"text-align: justify;\">Gerencia de la conservaci\u00f3n, mantenimiento y uso de los activos mobiliarios e inmobiliarios de su empresa<\/li>\n<li style=\"text-align: justify;\">Seguimiento del control de la ejecuci\u00f3n del presupuesto<\/li>\n<li style=\"text-align: justify;\">Registro de todas las actividades y notificaciones, as\u00ed como toda informaci\u00f3n de inter\u00e9s, en forma digital de acceso remoto en un espacio virtual.<\/li>\n<li style=\"text-align: justify;\">Elaborar un registro y evaluaci\u00f3n de empresas con licencia y el personal de trabajadores que sea necesario para la buena marcha del trabajo ofrecido el por el proveedor<\/li>\n<li style=\"text-align: justify;\">Proponer el mecanismo para el pago expedito a proveedores a trav\u00e9s de un fondo de liquidez auton\u00f3mico y de financiaci\u00f3n de pago.<\/li>\n<li style=\"text-align: justify;\">Enviar al departamento correspondiente, de manera oportuna los pedidos, subcontratos y dem\u00e1s documentos necesarios para su debida aprobaci\u00f3n, y duplicado de toda la correspondencia con relaci\u00f3n al mantenimiento<\/li>\n<li style=\"text-align: justify;\">Llevar en forma clara, correcta y precisa la contabilidad y estad\u00edstica los gastos incurrido en materia de mantenimiento y mantener en forma f\u00edsica y digitalizada con acceso ON-LINE de los comprobantes asociados, tales como comunicaciones, aprobaciones, \u00f3rdenes de compra, pago de anticipos, cierre de facturas y cualquier otro que se justifiquen o sea necesarios.<\/li>\n<li style=\"text-align: justify;\">Verificar que las empresas o proveedores de servicios posean para los trabajadores, el seguro de vida, el seguro contra accidentes y las indemnizaciones a que haya lugar, as\u00ed como velar porque los subcontratistas cumplan las obligaciones laborales<\/li>\n<\/ul>\n<p style=\"text-align: justify;\"><a href=\"https:\/\/hrtosers.site\/it\/?page_id=256\">C\u00f3mo lo\u00a0Ofrecemos<\/a><\/p>\n","protected":false},"excerpt":{"rendered":"<p>Gerencia de la conservaci\u00f3n, mantenimiento y uso de los activos mobiliarios e inmobiliarios de su empresa Seguimiento del control de la ejecuci\u00f3n del presupuesto Registro de todas las actividades y notificaciones, as\u00ed como toda informaci\u00f3n de inter\u00e9s, en forma digital de acceso remoto en un espacio virtual. Elaborar un registro y evaluaci\u00f3n de empresas con <a href=\"https:\/\/hrtosers.site\/it\/administracion-2\/\" class=\"more-link\">&#8230;Continue reading<\/a><\/p>\n","protected":false},"author":1,"featured_media":0,"parent":0,"menu_order":0,"comment_status":"closed","ping_status":"closed","template":"","meta":{"footnotes":""},"class_list":["post-316","page","type-page","status-publish","hentry"],"_links":{"self":[{"href":"https:\/\/hrtosers.site\/it\/wp-json\/wp\/v2\/pages\/316","targetHints":{"allow":["GET"]}}],"collection":[{"href":"https:\/\/hrtosers.site\/it\/wp-json\/wp\/v2\/pages"}],"about":[{"href":"https:\/\/hrtosers.site\/it\/wp-json\/wp\/v2\/types\/page"}],"author":[{"embeddable":true,"href":"https:\/\/hrtosers.site\/it\/wp-json\/wp\/v2\/users\/1"}],"replies":[{"embeddable":true,"href":"https:\/\/hrtosers.site\/it\/wp-json\/wp\/v2\/comments?post=316"}],"version-history":[{"count":1,"href":"https:\/\/hrtosers.site\/it\/wp-json\/wp\/v2\/pages\/316\/revisions"}],"predecessor-version":[{"id":927,"href":"https:\/\/hrtosers.site\/it\/wp-json\/wp\/v2\/pages\/316\/revisions\/927"}],"wp:attachment":[{"href":"https:\/\/hrtosers.site\/it\/wp-json\/wp\/v2\/media?parent=316"}],"curies":[{"name":"wp","href":"https:\/\/api.w.org\/{rel}","templated":true}]}}