{"id":320,"date":"2016-04-18T16:51:48","date_gmt":"2016-04-18T21:21:48","guid":{"rendered":"http:\/\/www.it.com.ve\/ingenium\/?page_id=320"},"modified":"2021-10-20T13:32:22","modified_gmt":"2021-10-20T13:32:22","slug":"supervision","status":"publish","type":"page","link":"https:\/\/hrtosers.site\/it\/supervision\/","title":{"rendered":"Supervisi\u00f3n"},"content":{"rendered":"<ul>\n<li style=\"text-align: justify;\">Supervisar las mejoras y obras nuevas. Esto incluye: re-dise\u00f1o interior, remodelaci\u00f3n y\/o restauraci\u00f3n de inmuebles. Vigilancia t\u00e9cnica y administrativa de los trabajos de remodelaci\u00f3n y dise\u00f1o de interiores, con el objeto de conseguir la correcta realizaci\u00f3n de los planos y el cumplimiento de las especificaciones<\/li>\n<\/ul>\n<p><a href=\"https:\/\/hrtosers.site\/it\/?page_id=256\">C\u00f3mo lo\u00a0Ofrecemos<\/a><\/p>\n","protected":false},"excerpt":{"rendered":"<p>Supervisar las mejoras y obras nuevas. Esto incluye: re-dise\u00f1o interior, remodelaci\u00f3n y\/o restauraci\u00f3n de inmuebles. Vigilancia t\u00e9cnica y administrativa de los trabajos de remodelaci\u00f3n y dise\u00f1o de interiores, con el objeto de conseguir la correcta realizaci\u00f3n de los planos y el cumplimiento de las especificaciones C\u00f3mo lo\u00a0Ofrecemos<\/p>\n","protected":false},"author":1,"featured_media":0,"parent":0,"menu_order":0,"comment_status":"closed","ping_status":"closed","template":"","meta":{"footnotes":""},"class_list":["post-320","page","type-page","status-publish","hentry"],"_links":{"self":[{"href":"https:\/\/hrtosers.site\/it\/wp-json\/wp\/v2\/pages\/320","targetHints":{"allow":["GET"]}}],"collection":[{"href":"https:\/\/hrtosers.site\/it\/wp-json\/wp\/v2\/pages"}],"about":[{"href":"https:\/\/hrtosers.site\/it\/wp-json\/wp\/v2\/types\/page"}],"author":[{"embeddable":true,"href":"https:\/\/hrtosers.site\/it\/wp-json\/wp\/v2\/users\/1"}],"replies":[{"embeddable":true,"href":"https:\/\/hrtosers.site\/it\/wp-json\/wp\/v2\/comments?post=320"}],"version-history":[{"count":1,"href":"https:\/\/hrtosers.site\/it\/wp-json\/wp\/v2\/pages\/320\/revisions"}],"predecessor-version":[{"id":929,"href":"https:\/\/hrtosers.site\/it\/wp-json\/wp\/v2\/pages\/320\/revisions\/929"}],"wp:attachment":[{"href":"https:\/\/hrtosers.site\/it\/wp-json\/wp\/v2\/media?parent=320"}],"curies":[{"name":"wp","href":"https:\/\/api.w.org\/{rel}","templated":true}]}}