{"id":322,"date":"2016-04-18T16:52:24","date_gmt":"2016-04-18T21:22:24","guid":{"rendered":"http:\/\/www.it.com.ve\/ingenium\/?page_id=322"},"modified":"2021-10-20T13:36:52","modified_gmt":"2021-10-20T13:36:52","slug":"calidad","status":"publish","type":"page","link":"https:\/\/hrtosers.site\/it\/calidad\/","title":{"rendered":"Calidad"},"content":{"rendered":"<ul>\n<li style=\"text-align: justify;\">Mantener los est\u00e1ndares de calidad establecidos en el Sistema de Gesti\u00f3n de Calidad de su empresa.<\/li>\n<li style=\"text-align: justify;\">Si aplica, cumplimiento de los est\u00e1ndares de calidad ISO 9001:2008 en mantenimiento de infraestructura y obtenci\u00f3n de la respectiva certificaci\u00f3n.<\/li>\n<\/ul>\n<p><a href=\"https:\/\/hrtosers.site\/it\/?page_id=256\">C\u00f3mo lo\u00a0Ofrecemos<\/a><\/p>\n","protected":false},"excerpt":{"rendered":"<p>Mantener los est\u00e1ndares de calidad establecidos en el Sistema de Gesti\u00f3n de Calidad de su empresa. Si aplica, cumplimiento de los est\u00e1ndares de calidad ISO 9001:2008 en mantenimiento de infraestructura y obtenci\u00f3n de la respectiva certificaci\u00f3n. C\u00f3mo lo\u00a0Ofrecemos<\/p>\n","protected":false},"author":1,"featured_media":0,"parent":0,"menu_order":0,"comment_status":"closed","ping_status":"closed","template":"","meta":{"footnotes":""},"class_list":["post-322","page","type-page","status-publish","hentry"],"_links":{"self":[{"href":"https:\/\/hrtosers.site\/it\/wp-json\/wp\/v2\/pages\/322","targetHints":{"allow":["GET"]}}],"collection":[{"href":"https:\/\/hrtosers.site\/it\/wp-json\/wp\/v2\/pages"}],"about":[{"href":"https:\/\/hrtosers.site\/it\/wp-json\/wp\/v2\/types\/page"}],"author":[{"embeddable":true,"href":"https:\/\/hrtosers.site\/it\/wp-json\/wp\/v2\/users\/1"}],"replies":[{"embeddable":true,"href":"https:\/\/hrtosers.site\/it\/wp-json\/wp\/v2\/comments?post=322"}],"version-history":[{"count":1,"href":"https:\/\/hrtosers.site\/it\/wp-json\/wp\/v2\/pages\/322\/revisions"}],"predecessor-version":[{"id":930,"href":"https:\/\/hrtosers.site\/it\/wp-json\/wp\/v2\/pages\/322\/revisions\/930"}],"wp:attachment":[{"href":"https:\/\/hrtosers.site\/it\/wp-json\/wp\/v2\/media?parent=322"}],"curies":[{"name":"wp","href":"https:\/\/api.w.org\/{rel}","templated":true}]}}