{"id":326,"date":"2016-04-18T16:53:57","date_gmt":"2016-04-18T21:23:57","guid":{"rendered":"http:\/\/www.it.com.ve\/ingenium\/?page_id=326"},"modified":"2021-10-20T13:54:53","modified_gmt":"2021-10-20T13:54:53","slug":"areas-de-atencion","status":"publish","type":"page","link":"https:\/\/hrtosers.site\/it\/areas-de-atencion\/","title":{"rendered":"Areas de Atenci\u00f3n"},"content":{"rendered":"<ul>\n<li style=\"text-align: justify;\">Aires acondicionados, extractores, intercambiadores de calor y ventilaci\u00f3n forzadas.<\/li>\n<li style=\"text-align: justify;\">Sistemas el\u00e9ctricos y electromec\u00e1nicos,<\/li>\n<li style=\"text-align: justify;\">Plantas el\u00e9ctricas.<\/li>\n<li style=\"text-align: justify;\">Bombas, hidroneum\u00e1ticos, tanques de almacenamiento de agua.<\/li>\n<li style=\"text-align: justify;\">Pintura, acabados, impermeabilizaci\u00f3n, instalaciones<\/li>\n<li style=\"text-align: justify;\">Sistema de detecci\u00f3n y contra incendio.<\/li>\n<li style=\"text-align: justify;\">Sistema de seguridad y control de acceso.<\/li>\n<li style=\"text-align: justify;\">\u00c1reas recreativas camineras, espacios comunes y\/o campos deportivos.<\/li>\n<li style=\"text-align: justify;\">Limpieza de instalaciones.<\/li>\n<li style=\"text-align: justify;\">Control de plagas.<\/li>\n<li style=\"text-align: justify;\">Mejoras y ejecuci\u00f3n de obras nuevas.<\/li>\n<li style=\"text-align: justify;\">Asistencia en la preservaci\u00f3n integral y manteniemto general, al realizar eventos sociales, comerciales o de otra \u00edndole en las instalaciones de su empresa.<\/li>\n<\/ul>\n<p><a href=\"https:\/\/hrtosers.site\/it\/?page_id=256\">C\u00f3mo lo\u00a0Ofrecemos<\/a><\/p>\n","protected":false},"excerpt":{"rendered":"<p>Aires acondicionados, extractores, intercambiadores de calor y ventilaci\u00f3n forzadas. Sistemas el\u00e9ctricos y electromec\u00e1nicos, Plantas el\u00e9ctricas. Bombas, hidroneum\u00e1ticos, tanques de almacenamiento de agua. Pintura, acabados, impermeabilizaci\u00f3n, instalaciones Sistema de detecci\u00f3n y contra incendio. Sistema de seguridad y control de acceso. \u00c1reas recreativas camineras, espacios comunes y\/o campos deportivos. Limpieza de instalaciones. Control de plagas. Mejoras y <a href=\"https:\/\/hrtosers.site\/it\/areas-de-atencion\/\" class=\"more-link\">&#8230;Continue reading<\/a><\/p>\n","protected":false},"author":1,"featured_media":0,"parent":0,"menu_order":0,"comment_status":"closed","ping_status":"closed","template":"","meta":{"footnotes":""},"class_list":["post-326","page","type-page","status-publish","hentry"],"_links":{"self":[{"href":"https:\/\/hrtosers.site\/it\/wp-json\/wp\/v2\/pages\/326","targetHints":{"allow":["GET"]}}],"collection":[{"href":"https:\/\/hrtosers.site\/it\/wp-json\/wp\/v2\/pages"}],"about":[{"href":"https:\/\/hrtosers.site\/it\/wp-json\/wp\/v2\/types\/page"}],"author":[{"embeddable":true,"href":"https:\/\/hrtosers.site\/it\/wp-json\/wp\/v2\/users\/1"}],"replies":[{"embeddable":true,"href":"https:\/\/hrtosers.site\/it\/wp-json\/wp\/v2\/comments?post=326"}],"version-history":[{"count":2,"href":"https:\/\/hrtosers.site\/it\/wp-json\/wp\/v2\/pages\/326\/revisions"}],"predecessor-version":[{"id":933,"href":"https:\/\/hrtosers.site\/it\/wp-json\/wp\/v2\/pages\/326\/revisions\/933"}],"wp:attachment":[{"href":"https:\/\/hrtosers.site\/it\/wp-json\/wp\/v2\/media?parent=326"}],"curies":[{"name":"wp","href":"https:\/\/api.w.org\/{rel}","templated":true}]}}