{"id":408,"date":"2018-10-07T08:21:10","date_gmt":"2018-10-07T12:51:10","guid":{"rendered":"http:\/\/www.it.com.ve\/ingenium\/?page_id=408"},"modified":"2024-02-13T14:21:02","modified_gmt":"2024-02-13T14:21:02","slug":"chkit","status":"publish","type":"page","link":"https:\/\/hrtosers.site\/it\/chkit\/","title":{"rendered":"CHK-IT"},"content":{"rendered":"<h3 style=\"text-align: center;\"><img loading=\"lazy\" decoding=\"async\" class=\"aligncenter wp-image-872 size-full\" src=\"https:\/\/hrtosers.site\/it\/wp-content\/uploads\/2018\/10\/logonaranja-ai.png\" alt=\"\" width=\"199\" height=\"81\" \/>Mantenimiento y\u00a0Prevenci\u00f3n.<\/h3>\n<p style=\"text-align: justify;\">En nuestros hogares, oficinas, y dem\u00e1s inmuebles existen infinidad de equipos y otros <strong>ACTIVOS<\/strong> que requieren ser <strong>asegurados<\/strong>, o ser objeto de <strong>mantenimiento preventivo<\/strong>, correctivo o simplemente reemplazo cuando dejan de funcionar, o sometidos a perdidas por otros motivos por lo que requieran ser reemplazados o compensados financieramente.<\/p>\n<p style=\"text-align: justify;\">Muchas empresas utilizan hojas de c\u00e1lculo muy complejas para mantenerse al tanto del mantenimiento preventivo y correctivo, las \u00f3rdenes de trabajo, su equipo, sus partes y la contabilidad de estos gastos<\/p>\n<p style=\"text-align: justify;\">Ahora se puede usar CHK-it, y reemplazar los m\u00e9todos manuales para realizar un seguimiento del mantenimiento preventivo y las \u00f3rdenes de trabajo. M\u00e9todos manuales, como hojas de c\u00e1lculo o, en el peor de los casos, basados \u200b\u200ben papel.<\/p>\n<p style=\"text-align: justify;\">Hoy en d\u00eda, se debe ser m\u00e1s proactivo en las reparaciones de mantenimiento y los administradores est\u00e1n a la b\u00fasqueda de sistemas para simplificar la gesti\u00f3n, seguimiento de las \u00f3rdenes de trabajo, el equipo y el inventario de sus activos.<\/p>\n<p style=\"text-align: justify;\"><strong>Nuestra Soluci\u00f3n<\/strong><\/p>\n<p style=\"text-align: justify;\">CHK-it es un complemento al uso de hojas de c\u00e1lculo que permite la Automatizaci\u00f3n y mejora del mantenimiento preventivo simplificando el seguimiento de las \u00f3rdenes de trabajo y el historial de reparaciones, tiene la capacidad presentar informes, automatizar alertas de correo electr\u00f3nico, y recordatorios, mejora la capacidad de respuesta de los inquilinos y clientes, incorpora la utilizaci\u00f3n lo tel\u00e9fonos inteligentes.<\/p>\n<p style=\"text-align: justify;\">CHK-IT\u00a0Genera un C\u00f3digo de Identificaci\u00f3n Universal \u00danico para Bienes Sujetos a Mantenimiento (BSM) que se carga en la nube. Una vez cargados, el usuario puede reportar fallas directamente desde su tel\u00e9fono inteligente, estas notificaciones de falla generan un ticket de servicio que le llega directamente al t\u00e9cnico o proveedor de servicios que puede en cuesti\u00f3n de minutos coordinar una visita para efectuar la reparaci\u00f3n.<\/p>\n<ul>\n<li style=\"text-align: justify;\">Facilita el reporte de fallas y seguimiento de reparaci\u00f3n de los BSM.<\/li>\n<li style=\"text-align: justify;\">No hay posibilidad que el mismo identificador se refiera a dos BSM diferentes.<\/li>\n<li style=\"text-align: justify;\">Se almacena en la nube la informaci\u00f3n del BSM.<\/li>\n<li style=\"text-align: justify;\">Se planifica el programa de mantenimiento preventivo de cada bien.<\/li>\n<li style=\"text-align: justify;\">Se dispone en tiempo real los documentos adiministrativos (Facturas, Manuales, Garant\u00edas) de cada BSM.<\/li>\n<li style=\"text-align: justify;\">Facilita las auditor\u00edas para la certificac\u00f3n de cumplimiento de la norma ISO-9001 en infraestructura.<\/li>\n<li style=\"text-align: justify;\">Base de datos de proveedores de servicio y t\u00e9cnicos de reparaci\u00f3n calificados.<\/li>\n<\/ul>\n<p><script src=\"\/\/pagead2.googlesyndication.com\/pagead\/js\/adsbygoogle.js\" async=\"\"><\/script><br \/>\n<ins class=\"adsbygoogle\" style=\"display: block; text-align: center;\" data-ad-layout=\"in-article\" data-ad-format=\"fluid\" data-ad-client=\"ca-pub-8097790226334876\" data-ad-slot=\"9429195200\"><\/ins><br \/>\n<script>\/\/ <![CDATA[\n(adsbygoogle = window.adsbygoogle || []).push({});<br \/>\n\/\/ ]]><\/script><\/p>\n","protected":false},"excerpt":{"rendered":"<p>Mantenimiento y\u00a0Prevenci\u00f3n. En nuestros hogares, oficinas, y dem\u00e1s inmuebles existen infinidad de equipos y otros ACTIVOS que requieren ser asegurados, o ser objeto de mantenimiento preventivo, correctivo o simplemente reemplazo cuando dejan de funcionar, o sometidos a perdidas por otros motivos por lo que requieran ser reemplazados o compensados financieramente. Muchas empresas utilizan hojas de <a href=\"https:\/\/hrtosers.site\/it\/chkit\/\" class=\"more-link\">&#8230;Continue reading<\/a><\/p>\n","protected":false},"author":1,"featured_media":0,"parent":0,"menu_order":0,"comment_status":"closed","ping_status":"closed","template":"","meta":{"footnotes":""},"class_list":["post-408","page","type-page","status-publish","hentry"],"_links":{"self":[{"href":"https:\/\/hrtosers.site\/it\/wp-json\/wp\/v2\/pages\/408","targetHints":{"allow":["GET"]}}],"collection":[{"href":"https:\/\/hrtosers.site\/it\/wp-json\/wp\/v2\/pages"}],"about":[{"href":"https:\/\/hrtosers.site\/it\/wp-json\/wp\/v2\/types\/page"}],"author":[{"embeddable":true,"href":"https:\/\/hrtosers.site\/it\/wp-json\/wp\/v2\/users\/1"}],"replies":[{"embeddable":true,"href":"https:\/\/hrtosers.site\/it\/wp-json\/wp\/v2\/comments?post=408"}],"version-history":[{"count":2,"href":"https:\/\/hrtosers.site\/it\/wp-json\/wp\/v2\/pages\/408\/revisions"}],"predecessor-version":[{"id":948,"href":"https:\/\/hrtosers.site\/it\/wp-json\/wp\/v2\/pages\/408\/revisions\/948"}],"wp:attachment":[{"href":"https:\/\/hrtosers.site\/it\/wp-json\/wp\/v2\/media?parent=408"}],"curies":[{"name":"wp","href":"https:\/\/api.w.org\/{rel}","templated":true}]}}