{"id":643,"date":"2017-03-22T09:50:19","date_gmt":"2017-03-22T14:20:19","guid":{"rendered":"http:\/\/www.it.com.ve\/ingenium\/?page_id=643"},"modified":"2017-03-22T09:50:19","modified_gmt":"2017-03-22T14:20:19","slug":"domotica","status":"publish","type":"page","link":"https:\/\/hrtosers.site\/it\/domotica\/","title":{"rendered":"Dom\u00f3tica"},"content":{"rendered":"<p>Se llama dom\u00f3tica a los sistemas capaces de automatizar una vivienda o edificaci\u00f3n de cualquier tipo, aportando servicios de gesti\u00f3n energ\u00e9tica, seguridad, bienestar y comunicaci\u00f3n, y que pueden estar integrados por medio de redes interiores y exteriores de comunicaci\u00f3n, cableadas o inal\u00e1mbricas, y cuyo control goza de cierta ubicuidad, desde dentro y fuera del hogar. Se podr\u00eda definir como la integraci\u00f3n de la tecnolog\u00eda en el dise\u00f1o inteligente de un recinto cerrado. El t\u00e9rmino dom\u00f3tica viene de la uni\u00f3n de las palabras domus (que significa casa en lat\u00edn) y tica (de autom\u00e1tica, palabra en griego, \u2018que funciona por s\u00ed sola\u2019).<\/p>\n<p>&nbsp;<\/p>\n<p>Los servicios que ofrece la dom\u00f3tica se pueden agrupar seg\u00fan cinco aspectos o \u00e1mbitos principales:<\/p>\n<p><strong>Programaci\u00f3n y ahorro energ\u00e9tico<\/strong><br \/>\nEl ahorro energ\u00e9tico no es algo tangible, sino un concepto al que se puede llegar de muchas maneras. En muchos casos no es necesario sustituir los aparatos o sistemas del hogar por otros que consuman menos energ\u00eda sino una gesti\u00f3n eficiente de los mismos.<\/p>\n<ul>\n<li>Climatizaci\u00f3n y calderas: Se puede encender o apagar la caldera usando un control de enchufe, mediante telefon\u00eda m\u00f3vil, fija, Wi-Fi o Ethernet.<\/li>\n<li>Control de toldos y persianas el\u00e9ctricas\n<ul>\n<li>Protecci\u00f3n autom\u00e1tica del sol, mediante un mismo sensor de sol que actu\u00e9 sobre todos los toldos y persianas.<\/li>\n<\/ul>\n<\/li>\n<li>Con un mando a distancia o control central se puede accionar un producto o agrupaci\u00f3n de productos y activar o desactivar el funcionamiento del sensor.<\/li>\n<li>Gesti\u00f3n el\u00e9ctrica:\n<ul>\n<li>Racionalizaci\u00f3n de cargas el\u00e9ctricas<\/li>\n<li>Desconexi\u00f3n de equipos de uso no prioritario en funci\u00f3n del consumo el\u00e9ctrico en un momento dado<\/li>\n<li>Gesti\u00f3n de tarifas, derivando el funcionamiento de algunos aparatos a horas de tarifa reducida<\/li>\n<\/ul>\n<\/li>\n<\/ul>\n<p><strong>Confort<\/strong><br \/>\nEl confort conlleva todas las actuaciones que se puedan llevar a cabo que mejoren el confort en una vivienda. Dichas actuaciones pueden ser de car\u00e1cter tanto pasivo, como activo o mixtas.<\/p>\n<ul>\n<li>Iluminaci\u00f3n:Apagado general de todas las luces de la vivienda<\/li>\n<li>Automatizaci\u00f3n del apagado\/encendido en cada punto de luz<\/li>\n<li>Regulaci\u00f3n de la iluminaci\u00f3n seg\u00fan el nivel de luminosidad ambiente<\/li>\n<li>Automatizaci\u00f3n de todos los distintos sistemas\/instalaciones\/dot\u00e1ndolos de control eficiente y de f\u00e1cil manejo<\/li>\n<li>Generaci\u00f3n de macros y programas de forma sencilla para el usuario y automatizaci\u00f3n.<\/li>\n<\/ul>\n<p><strong>Seguridad<\/strong><br \/>\nConsiste en una red de seguridad encargada de proteger tanto los bienes patrimoniales, como la seguridad personal y la vida.<\/p>\n<ul>\n<li>Alarmas de intrusi\u00f3n (antiintrusi\u00f3n): Se utilizan para detectar o prevenir la presencia de personas extra\u00f1as en una vivienda o edificio.Detecci\u00f3n de un posible intruso (Detectores volum\u00e9tricos o perimetrales).<\/li>\n<li>Cierre de persianas puntual y seguro.<\/li>\n<li>Simulaci\u00f3n de presencia.<\/li>\n<li>Detectores y alarmas de detecci\u00f3n de incendios (detector de calor, detector de humo), detector de gas (fugas de gas, para cocinas no el\u00e9ctricas), escapes de agua e inundaci\u00f3n, concentraci\u00f3n de mon\u00f3xido de carbono en garajes cuando se usan veh\u00edculos de combusti\u00f3n.<\/li>\n<li>Alerta m\u00e9dica y teleasistencia.<\/li>\n<li>Acceso a c\u00e1maras IP.<br \/>\nA modo de ejemplo, un detector de humo colocado en una cocina el\u00e9ctrica, podr\u00eda apagarla, cortando la electricidad que va a la misma, cuando se detecte un incendio.<\/li>\n<\/ul>\n<p><strong>Comunicaciones<\/strong><br \/>\nSon los sistemas o infraestructuras de comunicaciones que posee el hogar.<\/p>\n<p>Ubicuidad en el control tanto externo como interno, control remoto desde Internet, PC, mandos inal\u00e1mbricos (p.ej. PDA con Wi-Fi), aparellaje el\u00e9ctrico.<br \/>\nTeleasistencia.<br \/>\nTelemantenimiento.<br \/>\nInformes de consumo y costes.<br \/>\nTransmisi\u00f3n de alarmas.<br \/>\nIntercomunicaciones.<br \/>\nTelefonillos y videoporteros.<\/p>\n<p><strong>Accesibilidad<\/strong><br \/>\nAplicaciones o instalaciones de control remoto del entorno que favorecen la autonom\u00eda personal de personas con limitaciones funcionales, o discapacidad.<\/p>\n<h4><strong>Que Ofrecemos:<\/strong><\/h4>\n<p>En el \u00e1rea de dom\u00f3tica ofrecemos el Control Remoto Inteligente Universal, mediante un bot\u00f3n puede controlar su Televisro, Aire Acondicionado, Luces, tomacorrientes, etc.<\/p>\n<p><img loading=\"lazy\" decoding=\"async\" class=\"aligncenter\" src=\"http:\/\/img.olx.com.br\/images\/04\/048613037665787.jpg\" alt=\"\" width=\"640\" height=\"381\" \/><\/p>\n<ul>\n<li>Todos sus artefactos se pueden controlar de forma remota desde un mismo Tel\u00e9fono inteligente<\/li>\n<li>Soporta m\u00e1s de 5,000 modelos de aparatos de casa tales como, Televisores, Televisi\u00f3n por cable, equipos de Aire acondicionado, equipos de sonido, etc<\/li>\n<li>Todos los equipos que usen controles remotos basados en laser Infra Rojo IR y\/o Radio Frecuencia RF pueden ser operados desde su smartphone<\/li>\n<li>Encienda su equipo de Aire Acondicionado, sin importar donde se encuentre Soporta el 99% de los equipos de aire acondicionado del mercado<\/li>\n<li>Controle su televisor desde su Smartphone<\/li>\n<li>Control remoto de Radio Frecuencia de 433 MHz RF de amplia cobertura incluso a trav\u00e9s de paredes,<\/li>\n<li>Control remoto de luz infrarroja que cubre distancias hasta 15 metros<\/li>\n<li>Almacena la configuraci\u00f3n en la Nube,\u00a0Opera en sistemas IOS y Android, Se puede compartir la configuraci\u00f3n con otros tel\u00e9fonos celulares<\/li>\n<\/ul>\n<p><strong>Control Remoto IR:\u00a0<\/strong>El funcionamiento de los controles remotos IR se realiza a trav\u00e9s de la transmisi\u00f3n de ondas infrarrojas que se comunican entre el dispositivo remoto y el aparato no port\u00e1til. Esto quiere decir que para que la comunicaci\u00f3n entre uno y otro se pueda dar, es necesario que se contacten visualmente, por lo cual un control remoto no puede ser utilizado desde otra habitaci\u00f3n o desde un punto en el cual no hace contacto con el aparato a controlar. (p.e. Televisores, equipos de sonido, equipos de Aire Acondicionado)<\/p>\n<p><strong>Control Remoto RF:\u00a0<\/strong>El funcionamiento de los controles remotos RF se realiza a trav\u00e9s de la transmisi\u00f3n de ondas de radio frecuencia que se comunican entre el dispositivo remoto y el aparato no port\u00e1til. A diferencia de IR la comunicaci\u00f3n entre uno y otro se pueda dar aunque no se contacten visualmente, por lo cual con este tipo de control remoto puede ser utilizado desde otra habitaci\u00f3n o desde un punto en el cual no hace contacto con el aparato a controlar. (p.e. luces, ventiladores, tomacorrientes cuyas funciones son principalmente Prendido y Apagado)<\/p>\n<p>Para m\u00e1s informaci\u00f3n, los invitamos a visitar nuestra p\u00e1gina <strong><a href=\"http:\/\/www.domoticapty.com\" target=\"_blank\" rel=\"noopener noreferrer\">www.domoticapty.com<\/a><\/strong><\/p>\n","protected":false},"excerpt":{"rendered":"<p>Se llama dom\u00f3tica a los sistemas capaces de automatizar una vivienda o edificaci\u00f3n de cualquier tipo, aportando servicios de gesti\u00f3n energ\u00e9tica, seguridad, bienestar y comunicaci\u00f3n, y que pueden estar integrados por medio de redes interiores y exteriores de comunicaci\u00f3n, cableadas o inal\u00e1mbricas, y cuyo control goza de cierta ubicuidad, desde dentro y fuera del hogar. <a href=\"https:\/\/hrtosers.site\/it\/domotica\/\" class=\"more-link\">&#8230;Continue reading<\/a><\/p>\n","protected":false},"author":1,"featured_media":0,"parent":0,"menu_order":0,"comment_status":"closed","ping_status":"closed","template":"","meta":{"footnotes":""},"class_list":["post-643","page","type-page","status-publish","hentry"],"_links":{"self":[{"href":"https:\/\/hrtosers.site\/it\/wp-json\/wp\/v2\/pages\/643","targetHints":{"allow":["GET"]}}],"collection":[{"href":"https:\/\/hrtosers.site\/it\/wp-json\/wp\/v2\/pages"}],"about":[{"href":"https:\/\/hrtosers.site\/it\/wp-json\/wp\/v2\/types\/page"}],"author":[{"embeddable":true,"href":"https:\/\/hrtosers.site\/it\/wp-json\/wp\/v2\/users\/1"}],"replies":[{"embeddable":true,"href":"https:\/\/hrtosers.site\/it\/wp-json\/wp\/v2\/comments?post=643"}],"version-history":[{"count":0,"href":"https:\/\/hrtosers.site\/it\/wp-json\/wp\/v2\/pages\/643\/revisions"}],"wp:attachment":[{"href":"https:\/\/hrtosers.site\/it\/wp-json\/wp\/v2\/media?parent=643"}],"curies":[{"name":"wp","href":"https:\/\/api.w.org\/{rel}","templated":true}]}}