{"id":7,"date":"2016-03-29T21:42:53","date_gmt":"2016-03-29T21:42:53","guid":{"rendered":"http:\/\/www.it.com.ve\/sluzby\/?page_id=7"},"modified":"2016-03-29T21:42:53","modified_gmt":"2016-03-29T21:42:53","slug":"que-ofrecemos","status":"publish","type":"page","link":"https:\/\/hrtosers.site\/it\/que-ofrecemos\/","title":{"rendered":"Qu\u00e9 Ofrecemos"},"content":{"rendered":"<p style=\"text-align: justify;\">Ofrecemos la gerencia de la aplicaci\u00f3n en forma constante de una pol\u00edtica de conservaci\u00f3n y mantenimiento adecuada a la infraestructura utilizada por la empresa, con el objeto de generar reducci\u00f3n de paradas o interrupciones imprevistas, manejo m\u00e1s racional del capital humano, la compra ordenada de repuestos, piezas y partes as\u00ed como prolongar la vida \u00fatil de los equipos entre otros beneficios que contribuyan a asegurar el logro de la conformidad con los requisitos del producto o el servicio prestado; siguiendo los protocolos de la Norma ISO 9001:2008 referente a mantenimiento de infraestructuras.<\/p>\n<p><strong>GERENCIA Y ASESOR\u00cdA PARA:<\/strong><\/p>\n<ul>\n<li>Conservaci\u00f3n de Infraestructura<\/li>\n<li>Programas de Mantenimiento Correctivo<\/li>\n<li>Programas de Mantenimiento Preventivo<\/li>\n<li>Mejoras<\/li>\n<li>Control de Contratistas<\/li>\n<li>Elaboraci\u00f3n de Presupuesto Anual de Conservaci\u00f3n de Infraestructura<\/li>\n<\/ul>\n<p style=\"text-align: justify;\"><em>\u201cEl \u00fanico modo de hacer un gran trabajo es amar lo que haces. Si no lo has encontrado todav\u00eda, sigue buscando. No te acomodes. Como con todo lo que es propio del coraz\u00f3n, lo sabr\u00e1s cuando lo encuentres&#8221;<br \/>\n<\/em><em>Steve Jobs<\/em><\/p>\n","protected":false},"excerpt":{"rendered":"<p>Ofrecemos la gerencia de la aplicaci\u00f3n en forma constante de una pol\u00edtica de conservaci\u00f3n y mantenimiento adecuada a la infraestructura utilizada por la empresa, con el objeto de generar reducci\u00f3n de paradas o interrupciones imprevistas, manejo m\u00e1s racional del capital humano, la compra ordenada de repuestos, piezas y partes as\u00ed como prolongar la vida \u00fatil <a href=\"https:\/\/hrtosers.site\/it\/que-ofrecemos\/\" class=\"more-link\">&#8230;Continue reading<\/a><\/p>\n","protected":false},"author":1,"featured_media":0,"parent":0,"menu_order":0,"comment_status":"closed","ping_status":"closed","template":"","meta":{"footnotes":""},"class_list":["post-7","page","type-page","status-publish","hentry"],"_links":{"self":[{"href":"https:\/\/hrtosers.site\/it\/wp-json\/wp\/v2\/pages\/7","targetHints":{"allow":["GET"]}}],"collection":[{"href":"https:\/\/hrtosers.site\/it\/wp-json\/wp\/v2\/pages"}],"about":[{"href":"https:\/\/hrtosers.site\/it\/wp-json\/wp\/v2\/types\/page"}],"author":[{"embeddable":true,"href":"https:\/\/hrtosers.site\/it\/wp-json\/wp\/v2\/users\/1"}],"replies":[{"embeddable":true,"href":"https:\/\/hrtosers.site\/it\/wp-json\/wp\/v2\/comments?post=7"}],"version-history":[{"count":0,"href":"https:\/\/hrtosers.site\/it\/wp-json\/wp\/v2\/pages\/7\/revisions"}],"wp:attachment":[{"href":"https:\/\/hrtosers.site\/it\/wp-json\/wp\/v2\/media?parent=7"}],"curies":[{"name":"wp","href":"https:\/\/api.w.org\/{rel}","templated":true}]}}