{"id":73,"date":"2016-03-30T17:13:55","date_gmt":"2016-03-30T21:43:55","guid":{"rendered":"http:\/\/www.it.com.ve\/ingenium\/?page_id=73"},"modified":"2016-03-30T17:13:55","modified_gmt":"2016-03-30T21:43:55","slug":"proyectos-de-ingenieria","status":"publish","type":"page","link":"https:\/\/hrtosers.site\/it\/proyectos-de-ingenieria\/","title":{"rendered":"Proyectos de Ingenier\u00eda"},"content":{"rendered":"<ul>\n<li style=\"text-align: justify;\">Escuela de Postgrado para la U.C.V. (1970), en Caracas.<\/li>\n<li style=\"text-align: justify;\">Edificio de Administraci\u00f3n y oficinas para el Departamento de Ingenier\u00eda Sanitaria de la U.C.V.<\/li>\n<li style=\"text-align: justify;\">Diez (10) residencias familiares (quintas) en Caracas.<\/li>\n<li style=\"text-align: justify;\">Polideportivo Germ\u00e1n Celis Saume en Valencia, para CADAFE.<\/li>\n<li style=\"text-align: justify;\">Estructura e Instalaciones para edificios de Odon\u00adtolog\u00eda en el Hospital Central de las Fuerzas Armadas. (1957).<\/li>\n<li style=\"text-align: justify;\">Ciento treinta y ocho planos (138) para la construcci\u00f3n, de las estructuras de la casa de m\u00e1quinas en la represa &#8220;Guri&#8221;, Etapa I., en Guayana, (1965\/66), para EDELCA.<\/li>\n<li style=\"text-align: justify;\">ApartHotel &#8220;Puerto Coral Suites&#8221; de 200 apartamentos para Puerto La Cruz.<\/li>\n<li style=\"text-align: justify;\">Edificio e instalaciones para el Aserradero Los Ruices en esta Capital.<\/li>\n<li style=\"text-align: justify;\">Edificio e instalaciones para f\u00e1brica de marcos &#8220;La Ca\u00f1uela&#8221; en Urbanizaci\u00f3n El Llanito. (1963).<\/li>\n<li style=\"text-align: justify;\">Estaciones terminales del cable submarino de alta tensi\u00f3n en Cuman\u00e1 y Araya. (1959).<\/li>\n<li style=\"text-align: justify;\">Oficinas y dep\u00f3sitos industriales en Puerto Ordaz (para Hierromat C.A.).<\/li>\n<li style=\"text-align: justify;\">Dos (2) Edificios Industriales para la Urbani-zaci\u00f3n La Fe.<\/li>\n<li style=\"text-align: justify;\">Revisi\u00f3n de las Torres de Transmisi\u00f3n de la l\u00ednea de 800 kv, GURI \u2013 CENTRO, para EDELCA.<\/li>\n<li style=\"text-align: justify;\">Revisi\u00f3n de P\u00f3rticos para las subestaciones de GURI de 800 kv, para EDELCA.<\/li>\n<li style=\"text-align: justify;\">Proyecto estructural del Centro de Nataci\u00f3n Tipificado para MINDUR.<\/li>\n<li style=\"text-align: justify;\">Optimizaci\u00f3n del dise\u00f1o de torres para transmisi\u00f3n el\u00e9ctrica, para OTECARSA.<\/li>\n<li style=\"text-align: justify;\">Preparaci\u00f3n del programa para la optimizaci\u00f3n de las Fundaciones para Torres de Transmisi\u00f3n<\/li>\n<li style=\"text-align: justify;\">Elaboraci\u00f3n de un paquete de programa para el c\u00e1lculo de Vigas sobre Fundaciones El\u00e1sticas, en su formulaci\u00f3n matricial.<\/li>\n<li style=\"text-align: justify;\">C\u00e1lculo y Dise\u00f1o Estructural de diversos edificios aporticados de Concreto Armado, en Varias Ciudades del Pa\u00eds.<\/li>\n<li style=\"text-align: justify;\">Revisi\u00f3n del dise\u00f1o de la torre autosoportada El Algarrobo de 112 m de altura, para antena de microondas, para CANTV.<\/li>\n<li style=\"text-align: justify;\">Revisi\u00f3n del dise\u00f1o de la Torre autosoportada Santa Rita, de 102 m de altura, para antena de microondas para CANTV.<\/li>\n<li style=\"text-align: justify;\">C\u00e1lculo y dise\u00f1o de torres de transmisi\u00f3n autosoportadas, para la l\u00ednea de 230 kv, en el Estado Anzo\u00e1tegui, para MENEVEN<\/li>\n<li style=\"text-align: justify;\">Para INTERALUMINA, preparaci\u00f3n de 163 planos de fabricaci\u00f3n de taller (Planos de Detalle).<\/li>\n<li style=\"text-align: justify;\">Proyecto estructural del Hotel Puerto Coral Suites, ubicado en Puerto La Cruz, de 40.000 m2, con planos elaborados en su totalidad electr\u00f3nicamente, mediante el uso de los sistemas desarrollados por H&amp;R&amp;T Osers.<\/li>\n<li style=\"text-align: justify;\">Proyecto Estructural del Centro Comercial Los Naranjos de 40.000 m2, en Caracas.<\/li>\n<li style=\"text-align: justify;\">Proyecto estructural del Centro Comercial METROCENTER (Korda Modas), ubicado en el Centro de Caracas, parcialmente sobre el Metro, de 10.000 m2.<\/li>\n<li style=\"text-align: justify;\">Proyecto Estructural del Edificio Tamayo, en Caracas, en El Rosal.<\/li>\n<li style=\"text-align: justify;\">Proyecto estructural del Conjunto de Edificios, Residenciales (18), Escampadero, en Caracas.<\/li>\n<li style=\"text-align: justify;\">Eedificio Kalmar: Proyecto Estructural, Ingeniero Jaime Lerner Enero 1981<\/li>\n<li style=\"text-align: justify;\">Edificio Barjack: Proyecto Estructural Ing. Eduardo Jakubowicz Julio 1985<\/li>\n<li style=\"text-align: justify;\">Edificio Vacacional Palma Real Proyecto Estructural Ing. Jaime Lerner Octubre 1982<\/li>\n<li style=\"text-align: justify;\">Edificio Porlamar: Proyecto Estructural Ing. Ayala-Amado Julio 1980<\/li>\n<\/ul>\n<p style=\"text-align: justify;\">\n","protected":false},"excerpt":{"rendered":"<p>Escuela de Postgrado para la U.C.V. (1970), en Caracas. Edificio de Administraci\u00f3n y oficinas para el Departamento de Ingenier\u00eda Sanitaria de la U.C.V. Diez (10) residencias familiares (quintas) en Caracas. Polideportivo Germ\u00e1n Celis Saume en Valencia, para CADAFE. Estructura e Instalaciones para edificios de Odon\u00adtolog\u00eda en el Hospital Central de las Fuerzas Armadas. (1957). Ciento <a href=\"https:\/\/hrtosers.site\/it\/proyectos-de-ingenieria\/\" class=\"more-link\">&#8230;Continue reading<\/a><\/p>\n","protected":false},"author":1,"featured_media":0,"parent":0,"menu_order":0,"comment_status":"closed","ping_status":"closed","template":"","meta":{"footnotes":""},"class_list":["post-73","page","type-page","status-publish","hentry"],"_links":{"self":[{"href":"https:\/\/hrtosers.site\/it\/wp-json\/wp\/v2\/pages\/73","targetHints":{"allow":["GET"]}}],"collection":[{"href":"https:\/\/hrtosers.site\/it\/wp-json\/wp\/v2\/pages"}],"about":[{"href":"https:\/\/hrtosers.site\/it\/wp-json\/wp\/v2\/types\/page"}],"author":[{"embeddable":true,"href":"https:\/\/hrtosers.site\/it\/wp-json\/wp\/v2\/users\/1"}],"replies":[{"embeddable":true,"href":"https:\/\/hrtosers.site\/it\/wp-json\/wp\/v2\/comments?post=73"}],"version-history":[{"count":0,"href":"https:\/\/hrtosers.site\/it\/wp-json\/wp\/v2\/pages\/73\/revisions"}],"wp:attachment":[{"href":"https:\/\/hrtosers.site\/it\/wp-json\/wp\/v2\/media?parent=73"}],"curies":[{"name":"wp","href":"https:\/\/api.w.org\/{rel}","templated":true}]}}