{"id":76,"date":"2016-03-30T17:14:18","date_gmt":"2016-03-30T21:44:18","guid":{"rendered":"http:\/\/www.it.com.ve\/ingenium\/?page_id=76"},"modified":"2016-03-30T17:14:18","modified_gmt":"2016-03-30T21:44:18","slug":"hrt-osers-ingenieros","status":"publish","type":"page","link":"https:\/\/hrtosers.site\/it\/hrt-osers-ingenieros\/","title":{"rendered":"H&#038;R&#038;T OSERS, Ingenieros"},"content":{"rendered":"<p style=\"text-align: justify;\">En la actualidad, los profesionales venezolanos, y latinoamericanos en general han logrado adquirir y desarrollar un alto grado de conocimientos y experiencia en los diversos campos de la Ingenier\u00eda, que los habilitan adecuadamente para una eficiente labor en el ejercicio de sus profesiones.<\/p>\n<p style=\"text-align: justify;\">No obstante, los r\u00e1pidos y numerosos adelantos tecnol\u00f3gicos del presente, los cambiantes problemas de financiamiento, la problem\u00e1tica social y tantos otros factores nuevos desconocidos de hoy en d\u00eda, hacen necesario, para todos los profesionales del mundo moderno, sostener un constante intercambio de ideas y de experiencias, continuamente actualizado, a fin de mantener realmente al d\u00eda sus conocimientos.<\/p>\n<p style=\"text-align: justify;\">El grupo H&amp;R&amp;T OSERS, Ingenieros, est\u00e1 integrado por profesionales de diversas especialidades, cuyo trabajo unido y coordinado significa un alto grado de desarrollo tecnol\u00f3gico y una acumulaci\u00f3n de experiencia y posibilidades, dif\u00edciles de encontrar en los pa\u00edses en etapas de desarrollo.<\/p>\n<p style=\"text-align: justify;\">El objetivo principal de H&amp;R&amp;T OSERS, Ingenieros, es el de proveer a Venezuela de los servicios profesionales y t\u00e9cnicos de la m\u00e1s alta calidad que pueda obtenerse en el presente, con la idea primordial de que esos servicios sean la base para la iniciaci\u00f3n y desarrollo de una tecnolog\u00eda local a la altura de las m\u00e1s avanzadas del mundo.<\/p>\n<p style=\"text-align: justify;\">H&amp;R&amp;T OSERS, Ingenieros puede proveer desde simples informes de orientaci\u00f3n o recomendaci\u00f3n, hasta estudios muy complejos, proyectos, dise\u00f1os, inspecciones, software, supervisi\u00f3n de obras y labores de entrenamiento en las m\u00e1s variadas disciplinas.<\/p>\n<p style=\"text-align: justify;\">Una lista resumida de nuestras principales actividades es la siguiente:<\/p>\n<p style=\"text-align: justify;\"><em>Proyectos de Estructuras de Concreto Armado:<\/em><\/p>\n<ul style=\"text-align: justify;\">\n<li>\u00a0\u00a0\u00a0\u00a0\u00a0\u00a0\u00a0\u00a0\u00a0\u00a0\u00a0 Edificaciones Industriales.<\/li>\n<li>\u00a0\u00a0\u00a0\u00a0\u00a0\u00a0\u00a0\u00a0\u00a0\u00a0\u00a0 Edificios de Vivienda.<\/li>\n<li>\u00a0\u00a0\u00a0\u00a0\u00a0\u00a0\u00a0\u00a0\u00a0\u00a0\u00a0 Hoteles<\/li>\n<\/ul>\n<p style=\"text-align: justify;\"><em>Dise\u00f1o de Estructuras de celos\u00eda de Acero:<\/em><\/p>\n<ul style=\"text-align: justify;\">\n<li>\u00a0\u00a0\u00a0\u00a0\u00a0\u00a0\u00a0\u00a0\u00a0\u00a0\u00a0 Torres de Transmisi\u00f3n de Alta y Baja\u00a0Tensi\u00f3n.<\/li>\n<li>\u00a0\u00a0\u00a0\u00a0\u00a0\u00a0\u00a0\u00a0\u00a0\u00a0\u00a0 Torres para Antenas de Comunicaci\u00f3n.<\/li>\n<\/ul>\n<p style=\"text-align: justify;\"><em>Desarrollo de programas para microcomputadores \u00a0personales. <\/em><\/p>\n<ul style=\"text-align: justify;\">\n<li>\u00a0\u00a0\u00a0\u00a0\u00a0\u00a0\u00a0\u00a0\u00a0\u00a0\u00a0 Estructuras, Hidr\u00e1ulica, Vialidad.<\/li>\n<li>\u00a0\u00a0\u00a0\u00a0\u00a0\u00a0\u00a0\u00a0\u00a0\u00a0\u00a0 Administraci\u00f3n de Empresas.<\/li>\n<li>\u00a0\u00a0\u00a0\u00a0\u00a0\u00a0\u00a0\u00a0\u00a0\u00a0\u00a0 Sistemas de Autoedici\u00f3n<\/li>\n<\/ul>\n<p style=\"text-align: justify;\"><em>Asesor\u00eda Profesional:<\/em><\/p>\n<ul style=\"text-align: justify;\">\n<li>Asistencia T\u00e9cnica en la revisi\u00f3n y ejecuci\u00f3n de proyectos estructurales.<\/li>\n<\/ul>\n<p style=\"text-align: justify;\"><em>\u00a0<\/em><em>Telecomunicaciones<\/em><\/p>\n<ul style=\"text-align: justify;\">\n<li>Transmisi\u00f3n Telem\u00e1tica de Informaci\u00f3n<\/li>\n<li>\u201cSites\u201d de Contenido en Internet<\/li>\n<\/ul>\n<p style=\"text-align: justify;\"><em>Inspecci\u00f3n de Obras de Construcci\u00f3n<\/em><\/p>\n","protected":false},"excerpt":{"rendered":"<p>En la actualidad, los profesionales venezolanos, y latinoamericanos en general han logrado adquirir y desarrollar un alto grado de conocimientos y experiencia en los diversos campos de la Ingenier\u00eda, que los habilitan adecuadamente para una eficiente labor en el ejercicio de sus profesiones. No obstante, los r\u00e1pidos y numerosos adelantos tecnol\u00f3gicos del presente, los cambiantes <a href=\"https:\/\/hrtosers.site\/it\/hrt-osers-ingenieros\/\" class=\"more-link\">&#8230;Continue reading<\/a><\/p>\n","protected":false},"author":1,"featured_media":0,"parent":0,"menu_order":0,"comment_status":"closed","ping_status":"closed","template":"","meta":{"footnotes":""},"class_list":["post-76","page","type-page","status-publish","hentry"],"_links":{"self":[{"href":"https:\/\/hrtosers.site\/it\/wp-json\/wp\/v2\/pages\/76","targetHints":{"allow":["GET"]}}],"collection":[{"href":"https:\/\/hrtosers.site\/it\/wp-json\/wp\/v2\/pages"}],"about":[{"href":"https:\/\/hrtosers.site\/it\/wp-json\/wp\/v2\/types\/page"}],"author":[{"embeddable":true,"href":"https:\/\/hrtosers.site\/it\/wp-json\/wp\/v2\/users\/1"}],"replies":[{"embeddable":true,"href":"https:\/\/hrtosers.site\/it\/wp-json\/wp\/v2\/comments?post=76"}],"version-history":[{"count":0,"href":"https:\/\/hrtosers.site\/it\/wp-json\/wp\/v2\/pages\/76\/revisions"}],"wp:attachment":[{"href":"https:\/\/hrtosers.site\/it\/wp-json\/wp\/v2\/media?parent=76"}],"curies":[{"name":"wp","href":"https:\/\/api.w.org\/{rel}","templated":true}]}}