{"id":87,"date":"2016-04-14T22:05:55","date_gmt":"2016-04-15T02:35:55","guid":{"rendered":"http:\/\/www.it.com.ve\/ingenium\/?page_id=87"},"modified":"2021-04-24T12:32:47","modified_gmt":"2021-04-24T12:32:47","slug":"electroservicios-pablo-weiss","status":"publish","type":"page","link":"https:\/\/hrtosers.site\/it\/electroservicios-pablo-weiss\/","title":{"rendered":"Rese\u00f1a Hist\u00f3rica"},"content":{"rendered":"<p style=\"text-align: justify;\"><strong>ElectroServicios Pablo Weiss<\/strong><br \/>\n<img loading=\"lazy\" decoding=\"async\" class=\"wp-image-65 size-full alignleft\" src=\"https:\/\/hrtosers.site\/it\/wp-content\/uploads\/2016\/03\/weiss-07.jpg\" alt=\"\" width=\"250\" height=\"250\" srcset=\"https:\/\/hrtosers.site\/it\/wp-content\/uploads\/2016\/03\/weiss-07.jpg 250w, https:\/\/hrtosers.site\/it\/wp-content\/uploads\/2016\/03\/weiss-07-150x150.jpg 150w\" sizes=\"auto, (max-width: 250px) 100vw, 250px\" \/>En el a\u00f1o 1948 lleg\u00f3 de Checoslovaquia el Ingeniero Electricista Pablo Weiss que funda la empresa Electro Servicios Pablo Weiss la cual ofrece el servicio de conservaci\u00f3n, mantenimiento y mejoras de las instalaciones el\u00e9ctricas de empresas como Seguros Caracas, Pinturas Montana, Montana Gr\u00e1fica, Cabel y otras, aplicando una metodolog\u00eda innovadora para ese momento por incluir conceptos vanguardistas como son los programas de mantenimiento correctivo, preventivo y predictivo<\/p>\n<p><img loading=\"lazy\" decoding=\"async\" class=\"wp-image-307 size-full alignright\" src=\"https:\/\/hrtosers.site\/it\/wp-content\/uploads\/2016\/04\/harry.jpg\" alt=\"\" width=\"230\" height=\"272\" \/><\/p>\n<p style=\"text-align: justify;\">En marzode 1956 inicia su ejercicio profesional el ingeniero Harry Osers, como ingeniero residente del Hospital Central de las Fuerzas Armadas, hoy Hospital Militar Carlos Arvelo. Junto al Ing. Carlos Agudelo fundan la empresa CIVING SRL, dedicada a proyectos y construcci\u00f3n de obras de Ingenir\u00eda Civil, siendo las m\u00e1s destacadas: el Plan Maestro Hidr\u00e1ulico de San Carlos, Embalse El Tablazo, Canalizaci\u00f3n del r\u00edo El Valle, Embalse Tierra Blanca, remodelaci\u00f3n de la Facultad de Arquitectura junto con el Arquitecto Carlos Raul Villanueva.<\/p>\n<p style=\"text-align: justify;\">La empresa Electroservicios Pablo Weiss oper\u00f3 hasta el a\u00f1o fallecimiento de su fundador en el a\u00f1o 1982\u00a0 y sus operaciones las asume la empresa <a href=\"http:\/\/www.it.com.ve\/ingenium\/?page_id=76\">H&amp;R&amp;T OSERS, Ingenieros<\/a><\/p>\n","protected":false},"excerpt":{"rendered":"<p>ElectroServicios Pablo Weiss En el a\u00f1o 1948 lleg\u00f3 de Checoslovaquia el Ingeniero Electricista Pablo Weiss que funda la empresa Electro Servicios Pablo Weiss la cual ofrece el servicio de conservaci\u00f3n, mantenimiento y mejoras de las instalaciones el\u00e9ctricas de empresas como Seguros Caracas, Pinturas Montana, Montana Gr\u00e1fica, Cabel y otras, aplicando una metodolog\u00eda innovadora para ese <a href=\"https:\/\/hrtosers.site\/it\/electroservicios-pablo-weiss\/\" class=\"more-link\">&#8230;Continue reading<\/a><\/p>\n","protected":false},"author":1,"featured_media":0,"parent":0,"menu_order":0,"comment_status":"closed","ping_status":"closed","template":"","meta":{"footnotes":""},"class_list":["post-87","page","type-page","status-publish","hentry"],"_links":{"self":[{"href":"https:\/\/hrtosers.site\/it\/wp-json\/wp\/v2\/pages\/87","targetHints":{"allow":["GET"]}}],"collection":[{"href":"https:\/\/hrtosers.site\/it\/wp-json\/wp\/v2\/pages"}],"about":[{"href":"https:\/\/hrtosers.site\/it\/wp-json\/wp\/v2\/types\/page"}],"author":[{"embeddable":true,"href":"https:\/\/hrtosers.site\/it\/wp-json\/wp\/v2\/users\/1"}],"replies":[{"embeddable":true,"href":"https:\/\/hrtosers.site\/it\/wp-json\/wp\/v2\/comments?post=87"}],"version-history":[{"count":3,"href":"https:\/\/hrtosers.site\/it\/wp-json\/wp\/v2\/pages\/87\/revisions"}],"predecessor-version":[{"id":905,"href":"https:\/\/hrtosers.site\/it\/wp-json\/wp\/v2\/pages\/87\/revisions\/905"}],"wp:attachment":[{"href":"https:\/\/hrtosers.site\/it\/wp-json\/wp\/v2\/media?parent=87"}],"curies":[{"name":"wp","href":"https:\/\/api.w.org\/{rel}","templated":true}]}}