{"id":873,"date":"2016-03-29T21:16:26","date_gmt":"2016-03-29T21:16:26","guid":{"rendered":"http:\/\/www.it.com.ve\/sluzby\/?page_id=2"},"modified":"2016-03-29T21:16:26","modified_gmt":"2016-03-29T21:16:26","slug":"sample-page-2","status":"publish","type":"page","link":"https:\/\/hrtosers.site\/it\/sample-page-2\/","title":{"rendered":"Extender Vida Util"},"content":{"rendered":"<p style=\"text-align: justify;\">La vida \u00fatil y Valor de su Inmueble o Activo es el per\u00edodo durante el cual se espera utilizar el activo por parte de su empresa en las mismas condiciones en que se comenz\u00f3 a usar el primer d\u00eda.<\/p>\n<p style=\"text-align: justify;\">Con el tiempo los inmuebles se deterioran y experimentan un desgaste natural. Para evitar que una propiedad se deteriore y pierda su valor se debe disponer de un procedimiento sistem\u00e1tico y continuo para la realizaci\u00f3n de un buen mantenimiento preventivo y correctivo.<\/p>\n<p style=\"text-align: justify;\">Muchas empresas hacen mantenimiento de sus inmuebles, pero bajo que est\u00e1ndar? Podr\u00edan demostrar lo que han hecho, c\u00f3mo y cu\u00e1ndo? Pasar\u00edan una auditoria de calidad?<\/p>\n<p style=\"text-align: justify;\">Con el apoyo de Ingenium Associates, su empresa dispondr\u00e1 de las herramientas cient\u00edficas y tecnol\u00f3gicas para optar a la certificaci\u00f3n ISO-9001 en infraestructuras, con la cual podr\u00e1 demostrar la extensi\u00f3n de la vida \u00fatil de la infraestructura de su empresa.<\/p>\n","protected":false},"excerpt":{"rendered":"<p>La vida \u00fatil y Valor de su Inmueble o Activo es el per\u00edodo durante el cual se espera utilizar el activo por parte de su empresa en las mismas condiciones en que se comenz\u00f3 a usar el primer d\u00eda. Con el tiempo los inmuebles se deterioran y experimentan un desgaste natural. Para evitar que una <a href=\"https:\/\/hrtosers.site\/it\/sample-page-2\/\" class=\"more-link\">&#8230;Continue reading<\/a><\/p>\n","protected":false},"author":1,"featured_media":0,"parent":0,"menu_order":0,"comment_status":"closed","ping_status":"open","template":"","meta":{"footnotes":""},"class_list":["post-873","page","type-page","status-publish","hentry"],"_links":{"self":[{"href":"https:\/\/hrtosers.site\/it\/wp-json\/wp\/v2\/pages\/873","targetHints":{"allow":["GET"]}}],"collection":[{"href":"https:\/\/hrtosers.site\/it\/wp-json\/wp\/v2\/pages"}],"about":[{"href":"https:\/\/hrtosers.site\/it\/wp-json\/wp\/v2\/types\/page"}],"author":[{"embeddable":true,"href":"https:\/\/hrtosers.site\/it\/wp-json\/wp\/v2\/users\/1"}],"replies":[{"embeddable":true,"href":"https:\/\/hrtosers.site\/it\/wp-json\/wp\/v2\/comments?post=873"}],"version-history":[{"count":0,"href":"https:\/\/hrtosers.site\/it\/wp-json\/wp\/v2\/pages\/873\/revisions"}],"wp:attachment":[{"href":"https:\/\/hrtosers.site\/it\/wp-json\/wp\/v2\/media?parent=873"}],"curies":[{"name":"wp","href":"https:\/\/api.w.org\/{rel}","templated":true}]}}