{"id":874,"date":"2016-03-29T21:42:06","date_gmt":"2016-03-29T21:42:06","guid":{"rendered":"http:\/\/www.it.com.ve\/sluzby\/?page_id=5"},"modified":"2024-03-17T18:10:33","modified_gmt":"2024-03-17T18:10:33","slug":"quienes-somos","status":"publish","type":"page","link":"https:\/\/hrtosers.site\/it\/quienes-somos\/","title":{"rendered":"Qui\u00e9nes Somos"},"content":{"rendered":"<p style=\"text-align: justify;\"><img loading=\"lazy\" decoding=\"async\" class=\"alignleft wp-image-385\" src=\"http:\/\/vcp.kgy.mybluehost.me\/ingenium\/wp-content\/uploads\/2016\/03\/coliseo35-2.jpg\" alt=\"\" width=\"199\" height=\"500\" hspace=\"20\" srcset=\"https:\/\/hrtosers.site\/it\/wp-content\/uploads\/2016\/03\/coliseo35-2.jpg 318w, https:\/\/hrtosers.site\/it\/wp-content\/uploads\/2016\/03\/coliseo35-2-119x300.jpg 119w\" sizes=\"auto, (max-width: 199px) 100vw, 199px\" \/>Somos un grupo de Ingenieros Civiles con m\u00e1s de 35 a\u00f1os de experiencia en la industria, tanto en el \u00e1rea de dise\u00f1o y construcci\u00f3n de infraestructuras como en el mundo acad\u00e9mico, de investigaci\u00f3n y consultor\u00eda\u2026<\/p>\n<p>Ing. Rodolfo Osers\u00a0<a href=\"http:\/\/hrtosers.site\/it\/?page_id=104\">(ver\u00a0BIO)<\/a><br \/>\n<a href=\"mailto:ro@it.com.ve\">ro@hrtosers.site<\/a><\/p>\n<hr \/>\n<p>Ing. Tom\u00e1s Osers <a href=\"http:\/\/www.hrtosers.site\/it\/?page_id=110\">(ver\u00a0BIO)<br \/>\n<\/a>to@it.com.ve<\/p>\n<hr \/>\n<p>Ing. Miguel\u00a0Osers\u00a0<a href=\"http:\/\/www.hrtosers.site\/it\/?page_id=113\">(ver\u00a0BIO)<br \/>\n<\/a><a href=\"mailto:miguel@hrtosers.site\">miguel@hrtosers.site<\/a><\/p>\n<hr \/>\n<p>Arq. Judith Muller \u00a0<a href=\"http:\/\/www.hrtosers.site\/it\/?page_id=116\">(ver\u00a0BIO)<br \/>\n<\/a>(Osers Design) Miami<\/p>\n","protected":false},"excerpt":{"rendered":"<p>Somos un grupo de Ingenieros Civiles con m\u00e1s de 35 a\u00f1os de experiencia en la industria, tanto en el \u00e1rea de dise\u00f1o y construcci\u00f3n de infraestructuras como en el mundo acad\u00e9mico, de investigaci\u00f3n y consultor\u00eda\u2026 Ing. Rodolfo Osers\u00a0(ver\u00a0BIO) ro@hrtosers.site Ing. Tom\u00e1s Osers (ver\u00a0BIO) to@it.com.ve Ing. Miguel\u00a0Osers\u00a0(ver\u00a0BIO) miguel@hrtosers.site Arq. Judith Muller \u00a0(ver\u00a0BIO) (Osers Design) Miami<\/p>\n","protected":false},"author":1,"featured_media":0,"parent":0,"menu_order":0,"comment_status":"closed","ping_status":"closed","template":"","meta":{"footnotes":""},"class_list":["post-874","page","type-page","status-publish","hentry"],"_links":{"self":[{"href":"https:\/\/hrtosers.site\/it\/wp-json\/wp\/v2\/pages\/874","targetHints":{"allow":["GET"]}}],"collection":[{"href":"https:\/\/hrtosers.site\/it\/wp-json\/wp\/v2\/pages"}],"about":[{"href":"https:\/\/hrtosers.site\/it\/wp-json\/wp\/v2\/types\/page"}],"author":[{"embeddable":true,"href":"https:\/\/hrtosers.site\/it\/wp-json\/wp\/v2\/users\/1"}],"replies":[{"embeddable":true,"href":"https:\/\/hrtosers.site\/it\/wp-json\/wp\/v2\/comments?post=874"}],"version-history":[{"count":4,"href":"https:\/\/hrtosers.site\/it\/wp-json\/wp\/v2\/pages\/874\/revisions"}],"predecessor-version":[{"id":955,"href":"https:\/\/hrtosers.site\/it\/wp-json\/wp\/v2\/pages\/874\/revisions\/955"}],"wp:attachment":[{"href":"https:\/\/hrtosers.site\/it\/wp-json\/wp\/v2\/media?parent=874"}],"curies":[{"name":"wp","href":"https:\/\/api.w.org\/{rel}","templated":true}]}}