{"id":9,"date":"2016-03-29T21:43:23","date_gmt":"2016-03-29T21:43:23","guid":{"rendered":"http:\/\/www.it.com.ve\/sluzby\/?page_id=9"},"modified":"2016-03-29T21:43:23","modified_gmt":"2016-03-29T21:43:23","slug":"soluciones-a-la-medida","status":"publish","type":"page","link":"https:\/\/hrtosers.site\/it\/soluciones-a-la-medida\/","title":{"rendered":"Soluciones a la medida"},"content":{"rendered":"<p style=\"text-align: justify;\">Nuestra meta es ofrecerles una gesti\u00f3n administrativa a la medida para que sus activos no pierdan valor en el tiempo y extiendan cada a\u00f1o, su vida \u00fatil un a\u00f1o m\u00e1s.<\/p>\n<p style=\"text-align: justify;\">Ofrecemos diversos formatos y procedimientos que permitan definir el alcance, responsabilidades de los profesionales involucrados, documentos relacionados (registros del procedimiento), estimaci\u00f3n de costos, presupuestos y cronogramas de trabajos, entre otros.<\/p>\n<p style=\"text-align: justify;\">El objetivo es establecer un sistema particular que permita mantener la infraestructura necesaria para conseguir la realizaci\u00f3n correcta de los trabajos de mantenimiento para que nuestros clientes puedan prestar un servicio de calidad a sus clientes finales gestionando la satisfacci\u00f3n y calidad del ambiente de trabajo.<\/p>\n<p style=\"text-align: justify;\">Para su comodidad, nuestros servicios permiten la consulta en l\u00ednea de todos los soportes, y comunicaciones relacionadas con los trabajos de conservaci\u00f3n, mantenimiento y mejoras.<\/p>\n","protected":false},"excerpt":{"rendered":"<p>Nuestra meta es ofrecerles una gesti\u00f3n administrativa a la medida para que sus activos no pierdan valor en el tiempo y extiendan cada a\u00f1o, su vida \u00fatil un a\u00f1o m\u00e1s. Ofrecemos diversos formatos y procedimientos que permitan definir el alcance, responsabilidades de los profesionales involucrados, documentos relacionados (registros del procedimiento), estimaci\u00f3n de costos, presupuestos y <a href=\"https:\/\/hrtosers.site\/it\/soluciones-a-la-medida\/\" class=\"more-link\">&#8230;Continue reading<\/a><\/p>\n","protected":false},"author":1,"featured_media":0,"parent":0,"menu_order":0,"comment_status":"closed","ping_status":"closed","template":"","meta":{"footnotes":""},"class_list":["post-9","page","type-page","status-publish","hentry"],"_links":{"self":[{"href":"https:\/\/hrtosers.site\/it\/wp-json\/wp\/v2\/pages\/9","targetHints":{"allow":["GET"]}}],"collection":[{"href":"https:\/\/hrtosers.site\/it\/wp-json\/wp\/v2\/pages"}],"about":[{"href":"https:\/\/hrtosers.site\/it\/wp-json\/wp\/v2\/types\/page"}],"author":[{"embeddable":true,"href":"https:\/\/hrtosers.site\/it\/wp-json\/wp\/v2\/users\/1"}],"replies":[{"embeddable":true,"href":"https:\/\/hrtosers.site\/it\/wp-json\/wp\/v2\/comments?post=9"}],"version-history":[{"count":0,"href":"https:\/\/hrtosers.site\/it\/wp-json\/wp\/v2\/pages\/9\/revisions"}],"wp:attachment":[{"href":"https:\/\/hrtosers.site\/it\/wp-json\/wp\/v2\/media?parent=9"}],"curies":[{"name":"wp","href":"https:\/\/api.w.org\/{rel}","templated":true}]}}