{"id":94,"date":"2016-04-14T22:17:25","date_gmt":"2016-04-15T02:47:25","guid":{"rendered":"http:\/\/www.it.com.ve\/ingenium\/?page_id=94"},"modified":"2016-04-14T22:17:25","modified_gmt":"2016-04-15T02:47:25","slug":"dibujo-asistido-por-computador","status":"publish","type":"page","link":"https:\/\/hrtosers.site\/it\/dibujo-asistido-por-computador\/","title":{"rendered":"Dibujo Asistido por Computador"},"content":{"rendered":"<p>Un trabajo de bosquejo o dibujo digital puede ayudarle a hacer su proyecto m\u00e1s confiable, competente y adem\u00e1s ayudarle a ahorrar tiempo y dinero.<\/p>\n<p><strong>Podemos ayudarle con:<\/strong><\/p>\n<ul>\n<li>Dibujo arquitect\u00f3nico de planos<\/li>\n<li>Dise\u00f1o conceptual desde bosquejos hasta planos finales.<\/li>\n<li>Todos nuestros trabajos son realizados en AutoCAD o Software similar<\/li>\n<li>Dise\u00f1o estructural y Arquitect\u00f3nico para proyectos residenciales o comerciales<\/li>\n<li>Detalles de construcci\u00f3n.<\/li>\n<li>Planos Arquitect\u00f3nicos, Estructurales, El\u00e9ctricos, Plomer\u00eda y Mec\u00e1nicos<\/li>\n<li>Diagramas isom\u00e9tricos de l\u00edneas de gas y plomer\u00eda<\/li>\n<li>Proyectos modificados para requisitos particulares.<\/li>\n<li>Trasladamos planos en el papel a archivos Digitales de CAD<\/li>\n<li>Planos obtenci\u00f3n de permisos de construcci\u00f3n<\/li>\n<\/ul>\n<p>Los servicios de bosquejo incluir\u00e1n un sistema final de dibujos de funcionamiento en suficiente detalle para asesorar todos los procesos constructivos, subcontratistas y para que los proveedores puedan hacer una oferta en la realizaci\u00f3n de su proyecto.<\/p>\n<p><strong>Tipo de proyectos que nosotros realizamos:<\/strong><\/p>\n<ul>\n<li>Casas ( proyectos residenciales)<\/li>\n<li>Subdivisiones<\/li>\n<li>Urbanizaciones peque\u00f1as<\/li>\n<li>Proyectos a gran escala<\/li>\n<li>Complejos de apartamentos<\/li>\n<li>Arquitectura comercial<\/li>\n<li>Oficinas\/ suites ( planeamiento del espacio)<\/li>\n<li>Locales comerciales<\/li>\n<\/ul>\n<p><strong>Incluyendo:<\/strong><\/p>\n<ul>\n<li>Planos arquitect\u00f3nicos con detalles respectivos.<\/li>\n<li>Dise\u00f1o de gabinetes y muebles<\/li>\n<li>Dibujos conceptuales.<\/li>\n<li>Dise\u00f1o del proceso<\/li>\n<li>Plantas, elevaciones, cortes,<\/li>\n<li>Planos para obtenci\u00f3n de permisos de construcci\u00f3n<\/li>\n<\/ul>\n","protected":false},"excerpt":{"rendered":"<p>Un trabajo de bosquejo o dibujo digital puede ayudarle a hacer su proyecto m\u00e1s confiable, competente y adem\u00e1s ayudarle a ahorrar tiempo y dinero. Podemos ayudarle con: Dibujo arquitect\u00f3nico de planos Dise\u00f1o conceptual desde bosquejos hasta planos finales. Todos nuestros trabajos son realizados en AutoCAD o Software similar Dise\u00f1o estructural y Arquitect\u00f3nico para proyectos residenciales <a href=\"https:\/\/hrtosers.site\/it\/dibujo-asistido-por-computador\/\" class=\"more-link\">&#8230;Continue reading<\/a><\/p>\n","protected":false},"author":1,"featured_media":0,"parent":0,"menu_order":0,"comment_status":"closed","ping_status":"closed","template":"","meta":{"footnotes":""},"class_list":["post-94","page","type-page","status-publish","hentry"],"_links":{"self":[{"href":"https:\/\/hrtosers.site\/it\/wp-json\/wp\/v2\/pages\/94","targetHints":{"allow":["GET"]}}],"collection":[{"href":"https:\/\/hrtosers.site\/it\/wp-json\/wp\/v2\/pages"}],"about":[{"href":"https:\/\/hrtosers.site\/it\/wp-json\/wp\/v2\/types\/page"}],"author":[{"embeddable":true,"href":"https:\/\/hrtosers.site\/it\/wp-json\/wp\/v2\/users\/1"}],"replies":[{"embeddable":true,"href":"https:\/\/hrtosers.site\/it\/wp-json\/wp\/v2\/comments?post=94"}],"version-history":[{"count":0,"href":"https:\/\/hrtosers.site\/it\/wp-json\/wp\/v2\/pages\/94\/revisions"}],"wp:attachment":[{"href":"https:\/\/hrtosers.site\/it\/wp-json\/wp\/v2\/media?parent=94"}],"curies":[{"name":"wp","href":"https:\/\/api.w.org\/{rel}","templated":true}]}}